{"id":10,"date":"2024-03-27T05:00:10","date_gmt":"2024-03-27T05:00:10","guid":{"rendered":"http:\/\/mundopanama.com\/cristiana\/?page_id=10"},"modified":"2024-03-28T07:50:18","modified_gmt":"2024-03-28T07:50:18","slug":"bbn","status":"publish","type":"page","link":"https:\/\/mundopanama.com\/cristiana\/bbn\/","title":{"rendered":"BBN Radio"},"content":{"rendered":"<p>Estas escuchando BBN RADIO <a href=\"http:\/\/www.bbnradio.org\/wcm4\/spanish\/Stations\/tabid\/646\/StationID\/217\/Default.aspx\" target=\"_blank\" rel=\"noopener noreferrer\">BBN PANANA<\/a><br \/>\nTel\u00e9fono: 221-8717<br \/>\nCorreo electr\u00f3nico: red@bbnmedia.org<br \/>\nUbicado en v\u00eda Cincuentenario final, a 300 metros del MacDonals de R\u00edo Abajo, despu\u00e9s del edificio La Reina, Panama.<\/p>\n<p><iframe loading=\"lazy\" style=\"border:1px solid #FFCC00\" scrolling=\"no\" src=\"https:\/\/bbn1.bbnradio.org\/spanish\/escuche-bbn\/bbn-live-player-popup\/\" width=\"100%\" height=\"300\" frameborder=\"0\" align=\"middle\"><\/iframe><\/p>\n<p>Deja tu comentarios<br \/>\n<script src=\"http:\/\/connect.facebook.net\/en_GB\/all.js#xfbml=1\"><\/script><fb:comments width=\"560\" num_posts=\"20\" href=\"http:\/\/mundo-panama.com\/cristiana\/bbnradio\" colorscheme=\"light\"><\/fb:comments><\/p>\n","protected":false},"excerpt":{"rendered":"<p>Estas escuchando BBN RADIO BBN PANANA Tel\u00e9fono: 221-8717 Correo electr\u00f3nico: red@bbnmedia.org Ubicado en v\u00eda Cincuentenario final, a 300 metros del MacDonals de R\u00edo Abajo, despu\u00e9s del edificio La Reina, Panama. Deja tu comentarios<\/p>\n","protected":false},"author":1,"featured_media":0,"parent":0,"menu_order":0,"comment_status":"closed","ping_status":"closed","template":"","meta":{"footnotes":""},"class_list":["post-10","page","type-page","status-publish","hentry"],"_links":{"self":[{"href":"https:\/\/mundopanama.com\/cristiana\/wp-json\/wp\/v2\/pages\/10","targetHints":{"allow":["GET"]}}],"collection":[{"href":"https:\/\/mundopanama.com\/cristiana\/wp-json\/wp\/v2\/pages"}],"about":[{"href":"https:\/\/mundopanama.com\/cristiana\/wp-json\/wp\/v2\/types\/page"}],"author":[{"embeddable":true,"href":"https:\/\/mundopanama.com\/cristiana\/wp-json\/wp\/v2\/users\/1"}],"replies":[{"embeddable":true,"href":"https:\/\/mundopanama.com\/cristiana\/wp-json\/wp\/v2\/comments?post=10"}],"version-history":[{"count":4,"href":"https:\/\/mundopanama.com\/cristiana\/wp-json\/wp\/v2\/pages\/10\/revisions"}],"predecessor-version":[{"id":95,"href":"https:\/\/mundopanama.com\/cristiana\/wp-json\/wp\/v2\/pages\/10\/revisions\/95"}],"wp:attachment":[{"href":"https:\/\/mundopanama.com\/cristiana\/wp-json\/wp\/v2\/media?parent=10"}],"curies":[{"name":"wp","href":"https:\/\/api.w.org\/{rel}","templated":true}]}}