{"id":134,"date":"2024-03-28T08:49:07","date_gmt":"2024-03-28T08:49:07","guid":{"rendered":"http:\/\/mundopanama.com\/cristiana\/?page_id=134"},"modified":"2024-03-28T08:49:08","modified_gmt":"2024-03-28T08:49:08","slug":"geneologiadejesus","status":"publish","type":"page","link":"https:\/\/mundopanama.com\/cristiana\/geneologiadejesus\/","title":{"rendered":"GeneologiadeJesus"},"content":{"rendered":"<table cellspacing=\"0\" cellpadding=\"0\">\n<tbody>\n<tr>\n<td style=\"vertical-align:top\" width=\"705\" height=\"3045\"><!--[endif]--><\/p>\n<div v:shape=\"_x0000_s3000\" style=\"padding:2.85pt 2.85pt 2.85pt 2.85pt\" <class=\"shape\">\n<p class=\"MsoBodyText3\"><span style=\"font-size:20.0pt;font-family:\n  Arial;language:en-US\" lang=\"en-US\">&nbsp;&nbsp;&nbsp;&nbsp;&nbsp;&nbsp;&nbsp;&nbsp;&nbsp; Jesus el cristo hijo de Dios. <\/span><\/p>\n<p class=\"MsoBodyText3\"><span style=\"language:en-US\" lang=\"en-US\">&nbsp;&nbsp;&nbsp;&nbsp;&nbsp;&nbsp;&nbsp; <\/span><spam geneologia=\"\" y=\"\" descendencia=\"\" de=\"\" jesus=\"\" <=\"\" span=\"\"><\/spam><\/p>\n<p class=\"MsoBodyText3\"><span style=\"language:en-US\" lang=\"en-US\">&nbsp;Dios&nbsp; =&nbsp; Jehova ,Vive y reina para siempre.<\/span><\/p>\n<p class=\"MsoBodyText3\"><span style=\"language:en-US\" lang=\"en-US\">&nbsp;Dios creo a Adan y a Eva. <\/span><\/p>\n<p class=\"MsoBodyText3\"><span style=\"language:en-US\" lang=\"en-US\">&nbsp;Adan&nbsp;&nbsp;&nbsp;&nbsp;&nbsp;&nbsp;&nbsp;&nbsp;&nbsp;&nbsp;&nbsp;&nbsp; vivio despues que peco: 930 a\u00f1os&nbsp;&nbsp; \u2014&nbsp; Eva<\/span><\/p>\n<p class=\"MsoBodyText3\"><span style=\"language:en-US\" lang=\"en-US\">&nbsp;Set&nbsp;&nbsp;&nbsp;&nbsp;&nbsp;&nbsp;&nbsp;&nbsp;&nbsp;&nbsp;&nbsp;&nbsp;&nbsp;&nbsp;&nbsp; vivio&nbsp;&nbsp;&nbsp; 912 a\u00f1os<\/span><\/p>\n<p class=\"MsoBodyText3\"><span style=\"language:en-US\" lang=\"en-US\">&nbsp;Enos&nbsp;&nbsp;&nbsp;&nbsp;&nbsp;&nbsp;&nbsp;&nbsp;&nbsp;&nbsp;&nbsp;&nbsp; vivio&nbsp;&nbsp;&nbsp; 905 a\u00f1os<\/span><\/p>\n<p class=\"MsoBodyText3\"><span style=\"language:en-US\" lang=\"en-US\">&nbsp;Cainan&nbsp;&nbsp;&nbsp;&nbsp;&nbsp;&nbsp;&nbsp;&nbsp;&nbsp; vivio&nbsp;&nbsp;&nbsp; 910 a\u00f1os<\/span><\/p>\n<p class=\"MsoBodyText3\"><span style=\"language:en-US\" lang=\"en-US\">&nbsp;Mahalaleel&nbsp;&nbsp;&nbsp; vivio&nbsp;&nbsp;&nbsp; 895 a\u00f1os<\/span><\/p>\n<p class=\"MsoBodyText3\"><span style=\"language:en-US\" lang=\"en-US\">&nbsp;Jared&nbsp;&nbsp;&nbsp;&nbsp;&nbsp;&nbsp;&nbsp;&nbsp;&nbsp;&nbsp;&nbsp; vivio&nbsp;&nbsp;&nbsp; 962 a\u00f1os<\/span><\/p>\n<p class=\"MsoBodyText3\"><span style=\"language:en-US\" lang=\"en-US\">&nbsp;Enoc&nbsp;&nbsp;&nbsp;&nbsp;&nbsp;&nbsp;&nbsp;&nbsp;&nbsp;&nbsp;&nbsp; vivio&nbsp;&nbsp;&nbsp; 365 a\u00f1os. Camin\u00f3, pues, Enoc con Dios, y desapareci\u00f3, porque le llev\u00f3 Dios.<\/span><\/p>\n<p class=\"MsoBodyText3\"><span style=\"language:en-US\" lang=\"en-US\">&nbsp;Matusalen&nbsp;&nbsp;&nbsp;&nbsp; vivio&nbsp;&nbsp;&nbsp; 969 a\u00f1os<\/span><\/p>\n<p class=\"MsoBodyText3\"><span style=\"language:en-US\" lang=\"en-US\">&nbsp;Lamec&nbsp;&nbsp;&nbsp;&nbsp;&nbsp;&nbsp;&nbsp;&nbsp;&nbsp; vivio&nbsp;&nbsp;&nbsp; 768 a\u00f1os.<\/span><\/p>\n<p class=\"MsoBodyText3\"><span style=\"language:en-US\" lang=\"en-US\">&nbsp;Noe&nbsp;&nbsp; Y siendo No\u00e9 de 500 a\u00f1os, engendr\u00f3 a Sem, a Cam y a Jafet.<\/span><\/p>\n<p class=\"MsoBodyText3\"><span style=\"language:en-US\" lang=\"en-US\">&nbsp; El diluvio ocurrio cuando Noe tenia 600 a\u00f1os.<\/span><\/p>\n<p class=\"MsoBodyText3\"><span style=\"language:en-US\" lang=\"en-US\">No\u00e9&nbsp;&nbsp;&nbsp;&nbsp;&nbsp;&nbsp;&nbsp;&nbsp;&nbsp;&nbsp;&nbsp;&nbsp;&nbsp;&nbsp; vivio&nbsp;&nbsp;&nbsp; 950. anos<\/span><\/p>\n<p class=\"MsoBodyText3\"><span style=\"language:en-US\" lang=\"en-US\">&nbsp;Sem&nbsp;&nbsp;&nbsp;&nbsp;&nbsp;&nbsp;&nbsp;&nbsp;&nbsp;&nbsp;&nbsp;&nbsp; vivio 600 a\u00f1os. Los hijos de Sem&nbsp; Elam, Asur, Arfaxad, Lud y Aram. <\/span><\/p>\n<p class=\"MsoBodyText3\"><span style=\"language:en-US\" lang=\"en-US\">&nbsp;Arfadax&nbsp;&nbsp;&nbsp;&nbsp;&nbsp;&nbsp;&nbsp; vivio 438 a\u00f1os.&nbsp;&nbsp;&nbsp;&nbsp;&nbsp;&nbsp;&nbsp; Cainan (M) <\/span><\/p>\n<p class=\"MsoBodyText3\"><span style=\"language:en-US\" lang=\"en-US\">&nbsp;&nbsp;&nbsp; Sala&nbsp;&nbsp;&nbsp;&nbsp;&nbsp;&nbsp;&nbsp;&nbsp;&nbsp; vivio 433 a\u00f1os<\/span><\/p>\n<p class=\"MsoBodyText3\"><span style=\"language:en-US\" lang=\"en-US\">&nbsp;&nbsp;&nbsp; Heber&nbsp;&nbsp;&nbsp;&nbsp;&nbsp;&nbsp; vivio 464 a\u00f1os<\/span><\/p>\n<p class=\"MsoBodyText3\"><span style=\"language:en-US\" lang=\"en-US\">&nbsp;&nbsp; Peleg&nbsp;&nbsp;&nbsp;&nbsp;&nbsp;&nbsp;&nbsp;&nbsp; vivio 239 a\u00f1os&nbsp;&nbsp; ( En los dias que el nacio la tierra se dividio&#8217;&nbsp; Genesis 10:25)<\/span><\/p>\n<p class=\"MsoBodyText3\"><span style=\"language:en-US\" lang=\"en-US\">Ragau=Reu&nbsp;&nbsp; vivio 237 a\u00f1os<\/span><\/p>\n<p class=\"MsoBodyText3\"><span style=\"language:en-US\" lang=\"en-US\">&nbsp;Serug&#8212;&gt;&nbsp;&nbsp;&nbsp;&nbsp; vivio 230 a\u00f1os&lt;&#8212;&#8211;<\/span><\/p>\n<p class=\"MsoBodyText3\"><span style=\"language:en-US\" lang=\"en-US\">&nbsp;Nacor&nbsp;&nbsp;&nbsp;&nbsp;&nbsp;&nbsp;&nbsp;&nbsp;&nbsp;&nbsp; vivio 148 a\u00f1os&nbsp; <\/span><\/p>\n<p class=\"MsoBodyText3\"><span style=\"language:en-US\" lang=\"en-US\">&nbsp;Tare\u2014\u2014&nbsp;&nbsp;&nbsp;&nbsp; vivio 205 anos. Tar\u00e9 tenia setenta a\u00f1os, y engendr\u00f3 a Abram, a Nacor y a Har\u00e1n.<br \/>\n&nbsp;&nbsp;&nbsp;&nbsp;&nbsp;&nbsp;&nbsp;&nbsp;&nbsp;&nbsp;&nbsp;&nbsp;&nbsp;&nbsp;&nbsp;&nbsp;&nbsp;&nbsp;&nbsp;&nbsp;&nbsp; (sara vivio 127 a\u00f1os, (Haran padre de Lot murio antes que su padre&nbsp;&nbsp; Tare&nbsp;&nbsp;&nbsp;&nbsp;&nbsp;&nbsp;&nbsp;&nbsp;&nbsp;&nbsp;&nbsp;&nbsp;&nbsp;&nbsp;&nbsp;&nbsp;&nbsp;&nbsp;&nbsp;&nbsp;&nbsp;&nbsp;&nbsp;&nbsp;&nbsp;&nbsp;&nbsp;&nbsp;&nbsp;&nbsp;&nbsp;&nbsp;&nbsp;&nbsp;&nbsp;&nbsp;&nbsp;&nbsp;&nbsp;&nbsp;&nbsp;&nbsp;&nbsp;&nbsp;&nbsp;&nbsp;&nbsp; <\/span><\/p>\n<p class=\"MsoBodyText3\"><span style=\"language:en-US\" lang=\"en-US\"><br \/>\nAbraham&nbsp;&nbsp;&nbsp;&nbsp;&nbsp; vivio 175 anos&nbsp; Sara (sara vivio 127 a\u00f1os, <\/span><\/p>\n<p class=\"MsoBodyText3\"><span style=\"language:en-US\" lang=\"en-US\">&nbsp;&nbsp;&nbsp;&nbsp;&nbsp;&nbsp;&nbsp;&nbsp;&nbsp;&nbsp;&nbsp;&nbsp;&nbsp;&nbsp;&nbsp;&nbsp;&nbsp;&nbsp;&nbsp;&nbsp;&nbsp; Sara y Abraham eran hijos de Tare pero de madres diferentes.<\/span><\/p>\n<p class=\"MsoBodyText3\"><span style=\"language:en-US\" lang=\"en-US\">&nbsp;Isaac&nbsp;&nbsp;&nbsp;&nbsp;&nbsp;&nbsp;&nbsp;&nbsp;&nbsp; vivio 180&nbsp; anos . Rebeca era hija Betuel hijo de Nacor. <\/span><\/p>\n<p class=\"MsoBodyText3\"><span style=\"language:en-US\" lang=\"en-US\">&nbsp;&nbsp;&nbsp;&nbsp;&nbsp;&nbsp;&nbsp;&nbsp;&nbsp;&nbsp; <\/span><\/p>\n<p class=\"MsoBodyText3\"><span style=\"language:en-US\" lang=\"en-US\">&nbsp;Jacob&nbsp;&nbsp;&nbsp;&nbsp;&nbsp;&nbsp;&nbsp;&nbsp; vivio 147 anos.&nbsp;&nbsp;&nbsp;&nbsp; Lea era hija de Laban hijo de Betuel. <\/span><\/p>\n<p class=\"MsoBodyText3\"><span style=\"language:en-US\" lang=\"en-US\">&nbsp;Juda&nbsp;&nbsp; engendro a <\/span><\/p>\n<p class=\"MsoBodyText3\"><span style=\"language:en-US\" lang=\"en-US\">&nbsp;Fares &#8212;&#8212;-Tamar&nbsp;&nbsp; y Zara.<\/span><\/p>\n<p class=\"MsoBodyText3\"><span style=\"language:en-US\" lang=\"en-US\">&nbsp;Esrom &#8212;<\/span><\/p>\n<p class=\"MsoBodyText3\"><span style=\"language:en-US\" lang=\"en-US\">&nbsp;Aram <\/span><\/p>\n<p class=\"MsoBodyText3\"><span style=\"language:en-US\" lang=\"en-US\">&nbsp;Aminadab<\/span><\/p>\n<p class=\"MsoBodyText3\"><span style=\"language:en-US\" lang=\"en-US\">&nbsp;Naason<\/span><\/p>\n<p class=\"MsoBodyText3\"><span style=\"language:en-US\" lang=\"en-US\">&nbsp;Salmon engendro a Booz por medio de&nbsp; Rahab<\/span><\/p>\n<p class=\"MsoBodyText3\"><span style=\"language:en-US\" lang=\"en-US\">&nbsp;Booz&nbsp; engendro a Obeth por medio de Ruth <\/span><\/p>\n<p class=\"MsoBodyText3\"><span style=\"language:en-US\" lang=\"en-US\">&nbsp;Obeth <\/span><\/p>\n<p class=\"MsoBodyText3\"><span style=\"language:en-US\" lang=\"en-US\">&nbsp;Isai <\/span><\/p>\n<p class=\"MsoBodyText3\"><span style=\"language:en-US\" lang=\"en-US\">&nbsp;David engendro a Salomon y Natan por medio de Betzabe la que era de Urias Eteo&nbsp; (David vivio +- 70.6 a\u00f1os)<\/span><\/p>\n<p class=\"MsoBodyText3\"><span style=\"language:en-US\" lang=\"en-US\">&nbsp;Salomon&nbsp;&nbsp;&nbsp;&nbsp;&nbsp;&nbsp;&nbsp;&nbsp; Nathan (M)&nbsp; <\/span><\/p>\n<p class=\"MsoBodyText3\"><span style=\"language:en-US\" lang=\"en-US\">&nbsp;Roboam&nbsp;&nbsp;&nbsp;&nbsp;&nbsp;&nbsp;&nbsp;&nbsp;&nbsp; Matata (M)&nbsp; <\/span><\/p>\n<p class=\"MsoBodyText3\"><span style=\"language:en-US\" lang=\"en-US\">&nbsp;Aza&nbsp;&nbsp;&nbsp;&nbsp;&nbsp;&nbsp;&nbsp;&nbsp;&nbsp;&nbsp;&nbsp;&nbsp; Mainan (M)<\/span><\/p>\n<p class=\"MsoBodyText3\"><span style=\"language:en-US\" lang=\"en-US\">&nbsp;Josafat&nbsp;&nbsp;&nbsp;&nbsp;&nbsp;&nbsp;&nbsp;&nbsp; Melea&nbsp; (M)<\/span><\/p>\n<p class=\"MsoBodyText3\"><span style=\"language:en-US\" lang=\"en-US\">&nbsp;Joram&nbsp;&nbsp;&nbsp;&nbsp;&nbsp;&nbsp;&nbsp;&nbsp;&nbsp;&nbsp; Eliaquim (M)<\/span><\/p>\n<p class=\"MsoBodyText3\"><span style=\"language:en-US\" lang=\"en-US\">&nbsp;Uzias&nbsp;&nbsp;&nbsp;&nbsp;&nbsp;&nbsp;&nbsp;&nbsp;&nbsp;&nbsp; Jonan (M)<\/span><\/p>\n<p class=\"MsoBodyText3\"><span style=\"language:en-US\" lang=\"en-US\">&nbsp;Jotan&nbsp;&nbsp;&nbsp;&nbsp;&nbsp;&nbsp;&nbsp;&nbsp;&nbsp;&nbsp; Jose&nbsp; (m)<\/span><\/p>\n<p class=\"MsoBodyText3\"><span style=\"language:en-US\" lang=\"en-US\">&nbsp;Acaz&nbsp;&nbsp;&nbsp;&nbsp;&nbsp;&nbsp;&nbsp;&nbsp;&nbsp;&nbsp;&nbsp; Juda&nbsp; (M)<\/span><\/p>\n<p class=\"MsoBodyText3\"><span style=\"language:en-US\" lang=\"en-US\">&nbsp;Ezequias&nbsp;&nbsp;&nbsp;&nbsp;&nbsp;&nbsp;&nbsp; Simeon (M)<\/span><\/p>\n<p class=\"MsoBodyText3\"><span style=\"language:en-US\" lang=\"en-US\">&nbsp;Manases&nbsp;&nbsp;&nbsp;&nbsp;&nbsp;&nbsp;&nbsp;&nbsp; Levi&nbsp;&nbsp; (M)<\/span><\/p>\n<p class=\"MsoBodyText3\"><span style=\"language:en-US\" lang=\"en-US\">&nbsp;Amon&nbsp;&nbsp;&nbsp;&nbsp;&nbsp;&nbsp;&nbsp;&nbsp;&nbsp;&nbsp;&nbsp; Matat&nbsp; (M)<\/span><\/p>\n<p class=\"MsoBodyText3\"><span style=\"language:en-US\" lang=\"en-US\">&nbsp;Josias&nbsp;&nbsp;&nbsp;&nbsp;&nbsp;&nbsp;&nbsp;&nbsp;&nbsp; Jorim&nbsp; (M)&nbsp; Josias engendro a Jeconias en el tiempo <\/span><\/p>\n<p class=\"MsoBodyText3\"><span style=\"language:en-US\" lang=\"en-US\">&nbsp;Jeconias&nbsp;&nbsp;&nbsp;&nbsp;&nbsp;&nbsp;&nbsp; Eliecer (M)&nbsp;&nbsp; de la deportacion a&nbsp; Babilona.<\/span><\/p>\n<p class=\"MsoBodyText3\"><span style=\"language:en-US\" lang=\"en-US\">&nbsp;Zorobabel&nbsp;&nbsp;&nbsp;&nbsp;&nbsp;&nbsp; Josue&nbsp; (M)<\/span><\/p>\n<p class=\"MsoBodyText3\"><span style=\"language:en-US\" lang=\"en-US\">&nbsp;Abiud&nbsp;&nbsp;&nbsp;&nbsp;&nbsp;&nbsp;&nbsp;&nbsp;&nbsp;&nbsp; Er&nbsp;&nbsp; (M)<\/span><\/p>\n<p class=\"MsoBodyText3\"><span style=\"language:en-US\" lang=\"en-US\">&nbsp;Eliaquim&nbsp;&nbsp;&nbsp;&nbsp;&nbsp;&nbsp;&nbsp; Elmodam (M)<\/span><\/p>\n<p class=\"MsoBodyText3\"><span style=\"language:en-US\" lang=\"en-US\">&nbsp;Azor&nbsp;&nbsp;&nbsp;&nbsp;&nbsp;&nbsp;&nbsp;&nbsp;&nbsp;&nbsp;&nbsp; Cosam&nbsp; (M)<\/span><\/p>\n<p class=\"MsoBodyText3\"><span style=\"language:en-US\" lang=\"en-US\">&nbsp;Sadoc&nbsp;&nbsp;&nbsp;&nbsp;&nbsp;&nbsp;&nbsp;&nbsp;&nbsp;&nbsp; Adi&nbsp; (M)<\/span><\/p>\n<p class=\"MsoBodyText3\"><span style=\"language:en-US\" lang=\"en-US\">&nbsp;Aquim&nbsp;&nbsp;&nbsp;&nbsp;&nbsp;&nbsp;&nbsp;&nbsp;&nbsp;&nbsp; Melqui (M)<\/span><\/p>\n<p class=\"MsoBodyText3\"><span style=\"language:en-US\" lang=\"en-US\">&nbsp;Eliud&nbsp;&nbsp;&nbsp;&nbsp;&nbsp;&nbsp;&nbsp;&nbsp;&nbsp;&nbsp; Neri (M)<\/span><\/p>\n<p class=\"MsoBodyText3\"><span style=\"language:en-US\" lang=\"en-US\">&nbsp;Eleazar&nbsp;&nbsp;&nbsp;&nbsp;&nbsp;&nbsp;&nbsp;&nbsp; Salatiel (M)<\/span><\/p>\n<p class=\"MsoBodyText3\"><span style=\"language:en-US\" lang=\"en-US\">&nbsp;Matan&nbsp;&nbsp;&nbsp;&nbsp;&nbsp;&nbsp;&nbsp;&nbsp;&nbsp;&nbsp; Zorobabel (M)<\/span><\/p>\n<p class=\"MsoBodyText3\"><span style=\"language:en-US\" lang=\"en-US\">&nbsp;Jacob&nbsp;&nbsp;&nbsp;&nbsp;&nbsp;&nbsp;&nbsp;&nbsp;&nbsp;&nbsp; Resa (M)<\/span><\/p>\n<p class=\"MsoBodyText3\"><span style=\"language:en-US\" lang=\"en-US\">&nbsp;Jose&nbsp;&nbsp;&nbsp;&nbsp;&nbsp;&nbsp;&nbsp;&nbsp;&nbsp;&nbsp;&nbsp; Joana (M<\/span><\/p>\n<p class=\"MsoBodyText3\"><span style=\"language:en-US\" lang=\"en-US\">&nbsp;&nbsp;&nbsp;&nbsp;&nbsp;&nbsp;&nbsp;&nbsp;&nbsp;&nbsp;&nbsp;&nbsp;&nbsp;&nbsp;&nbsp;&nbsp; Juda (M)<\/span><\/p>\n<p class=\"MsoBodyText3\"><span style=\"language:en-US\" lang=\"en-US\">&nbsp;&nbsp;&nbsp;&nbsp;&nbsp;&nbsp;&nbsp;&nbsp;&nbsp;&nbsp;&nbsp;&nbsp;&nbsp;&nbsp;&nbsp;&nbsp; Jose (M)<\/span><\/p>\n<p class=\"MsoBodyText3\"><span style=\"language:en-US\" lang=\"en-US\">&nbsp;&nbsp;&nbsp;&nbsp;&nbsp;&nbsp;&nbsp;&nbsp;&nbsp;&nbsp;&nbsp;&nbsp;&nbsp;&nbsp;&nbsp;&nbsp; Semei (M)<\/span><\/p>\n<p class=\"MsoBodyText3\"><span style=\"language:en-US\" lang=\"en-US\">&nbsp;&nbsp;&nbsp;&nbsp;&nbsp;&nbsp;&nbsp;&nbsp;&nbsp;&nbsp;&nbsp;&nbsp;&nbsp;&nbsp;&nbsp;&nbsp; Matatias (M)<\/span><\/p>\n<p class=\"MsoBodyText3\"><span style=\"language:en-US\" lang=\"en-US\">&nbsp;&nbsp;&nbsp;&nbsp;&nbsp;&nbsp;&nbsp;&nbsp;&nbsp;&nbsp;&nbsp;&nbsp;&nbsp;&nbsp;&nbsp;&nbsp; Maat<\/span><\/p>\n<p class=\"MsoBodyText3\"><span style=\"language:en-US\" lang=\"en-US\">&nbsp;&nbsp;&nbsp;&nbsp;&nbsp;&nbsp;&nbsp;&nbsp;&nbsp;&nbsp;&nbsp;&nbsp;&nbsp;&nbsp;&nbsp;&nbsp; Nagai<\/span><\/p>\n<p class=\"MsoBodyText3\"><span style=\"language:en-US\" lang=\"en-US\">&nbsp;&nbsp;&nbsp;&nbsp;&nbsp;&nbsp;&nbsp;&nbsp;&nbsp;&nbsp;&nbsp;&nbsp;&nbsp;&nbsp;&nbsp;&nbsp; Esli<\/span><\/p>\n<p class=\"MsoBodyText3\"><span style=\"language:en-US\" lang=\"en-US\">&nbsp;&nbsp;&nbsp;&nbsp;&nbsp;&nbsp;&nbsp;&nbsp;&nbsp;&nbsp;&nbsp;&nbsp;&nbsp;&nbsp;&nbsp;&nbsp; Nahum<\/span><\/p>\n<p class=\"MsoBodyText3\"><span style=\"language:en-US\" lang=\"en-US\">&nbsp;&nbsp;&nbsp;&nbsp;&nbsp;&nbsp;&nbsp;&nbsp;&nbsp;&nbsp;&nbsp;&nbsp;&nbsp;&nbsp;&nbsp;&nbsp; Amos<\/span><\/p>\n<p class=\"MsoBodyText3\"><span style=\"language:en-US\" lang=\"en-US\">&nbsp;&nbsp;&nbsp;&nbsp;&nbsp;&nbsp;&nbsp;&nbsp;&nbsp;&nbsp;&nbsp;&nbsp;&nbsp;&nbsp;&nbsp;&nbsp; Matatias<\/span><\/p>\n<p class=\"MsoBodyText3\"><span style=\"language:en-US\" lang=\"en-US\">&nbsp;&nbsp;&nbsp;&nbsp;&nbsp;&nbsp;&nbsp;&nbsp;&nbsp;&nbsp;&nbsp;&nbsp;&nbsp;&nbsp;&nbsp;&nbsp; Jose<\/span><\/p>\n<p class=\"MsoBodyText3\"><span style=\"language:en-US\" lang=\"en-US\">&nbsp;&nbsp;&nbsp;&nbsp;&nbsp;&nbsp;&nbsp;&nbsp;&nbsp;&nbsp;&nbsp;&nbsp;&nbsp;&nbsp;&nbsp;&nbsp; Jana<\/span><\/p>\n<p class=\"MsoBodyText3\"><span style=\"language:en-US\" lang=\"en-US\">&nbsp;&nbsp;&nbsp;&nbsp;&nbsp;&nbsp;&nbsp;&nbsp;&nbsp;&nbsp;&nbsp;&nbsp;&nbsp;&nbsp;&nbsp;&nbsp; Melqui<\/span><\/p>\n<p class=\"MsoBodyText3\"><span style=\"language:en-US\" lang=\"en-US\">&nbsp;&nbsp;&nbsp;&nbsp;&nbsp;&nbsp;&nbsp;&nbsp;&nbsp;&nbsp;&nbsp;&nbsp;&nbsp;&nbsp;&nbsp;&nbsp; Levi<\/span><\/p>\n<p class=\"MsoBodyText3\"><span style=\"language:en-US\" lang=\"en-US\">&nbsp;&nbsp;&nbsp;&nbsp;&nbsp;&nbsp;&nbsp;&nbsp;&nbsp;&nbsp;&nbsp;&nbsp;&nbsp;&nbsp;&nbsp;&nbsp; Matat<\/span><\/p>\n<p class=\"MsoBodyText3\"><span style=\"language:en-US\" lang=\"en-US\">&nbsp;&nbsp;&nbsp;&nbsp;&nbsp;&nbsp;&nbsp;&nbsp;&nbsp;&nbsp;&nbsp;&nbsp;&nbsp;&nbsp;&nbsp;&nbsp; Eli<\/span><\/p>\n<p class=\"MsoBodyText3\"><span style=\"language:en-US\" lang=\"en-US\">&nbsp;&nbsp;&nbsp;&nbsp;&nbsp;&nbsp;&nbsp;&nbsp;&nbsp;&nbsp;&nbsp;&nbsp;&nbsp;&nbsp;&nbsp;&nbsp; Maria (F)<\/span><\/p>\n<p class=\"MsoBodyText3\"><span style=\"language:en-US\" lang=\"en-US\">&nbsp;<\/span><\/p>\n<p class=\"MsoBodyText3\"><span style=\"language:en-US\" lang=\"en-US\">Jose era descendiente de David en la linea del rey Salom\u00f3n mientras Mar\u00eda era descendiente de David en la linea de Nathan.<\/span><\/p>\n<p class=\"MsoBodyText3\"><span style=\"language:en-US\" lang=\"en-US\">&nbsp;<\/span><\/p>\n<p class=\"MsoBodyText3\"><span style=\"language:en-US\" lang=\"en-US\">De manera que todas las generaciones desde Abraham hasta David son catorce;<\/span><\/p>\n<p class=\"MsoBodyText3\"><span style=\"language:en-US\" lang=\"en-US\">&nbsp;desde David hasta la deportaci\u00f3n a Babilonia, catorce; y desde la deportaci\u00f3n <\/span><\/p>\n<p class=\"MsoBodyText3\"><span style=\"language:en-US\" lang=\"en-US\">a Babilonia hasta Cristo, catorce, por los lados de Jose.<\/span><\/p>\n<\/div>\n<p><!--[if !vml]--><\/td>\n<\/tr>\n<\/tbody>\n<\/table>\n<p>Historias<\/p>\n<p>Adan despues que peco&#8221;<br \/>\nCain y  ABEL. no dice la edad cuando los tuvo.<\/p>\n<p>ADAn tenia 130 anos cuando enjendro un HIJO A SU SEMEJANZA<br \/>\nPudo haber tenido mas hijos e hijas en el transcurso de ese tiempo.<\/p>\n<p>Adan vivio  930 anos.<br \/>\nAnos<br \/>\nSET nacio cuando                      ADAN 130<br \/>\nANO   105 de Set nacio ENOS            ADAN 235<br \/>\nANO   90 de Enos Nacio Cainan          ADAN 325<br \/>\nANO   70 de Cainan Nacio Mahalaleel    ADAN 395<br \/>\nANO   65 de Mahalaleel nacio  Jared    ADAN 460<br \/>\nANO   162  de Jared nacio Enoc.        ADAN 622<br \/>\nANO    65 de Enoc nacio Matusalem      ADAN 687<br \/>\nANO   187 de Matusalem nacio Lamec     ADAN 874<br \/>\nANO   56 tenia Lamec cuando murio      ADAN 930<\/p>\n<p>ANO  1000 Lamec tenia 126             (70 = 1000 )<\/p>\n<p>ANO  182 Lamec Nacio Noe.               (Ano 1056)<br \/>\nANO  500 Noe nacieron Sem Cam y Jaffet. (ANO 1556)<\/p>\n<p>Fecha de muerte<\/p>\n<p>Adan murio 736 anos antes del diluvio en el ano 930<br \/>\nSet              912 murio  en el       ANO 1042<br \/>\nEnos (1000-      905)  Murio en             1140<br \/>\nCainan (1000-    910) murio en              1235<br \/>\nMahalaleel (1000-895)murio en               1290<br \/>\nJared (1000-     962) murio  en             1422<br \/>\nEnoc  (1000-     365) se fue                987 con Dios<br \/>\nMatusalem (1000- 969) murio en              1656<br \/>\nLamec (1000 &#8211;    777 )murio en              1651<\/p>\n<p>El diluvio (600 de Noe)     1666<br \/>\nNoe              950   murio en             2006<br \/>\n(SEM Tenia)<br \/>\nSEM Nacio 1558  (1658, Arfaxad)(murio 600)   2158.<br \/>\nArfaxad nacio 1658 (602 NOE)   (murio 438)   2096  (100 )<br \/>\nSALA    nacio 1693 (637 NOE)   (murio 433)   2126  (135)<br \/>\nHEBER   nacio 1723 (667 NOE)   (murio 464)   2187  (165)<br \/>\nPELEG   nacio 1757 (701 NOE)   (murio 239)   1996  (199)<br \/>\nREU     nacio 1787 (731 NOE)   (murio 239)   2026  (229)<br \/>\nSERUG   nacio 1819 (763 NOE)   (murio 230)   2049  (261)<br \/>\nNACOR   nacio 1849 (793 NOE)   (murio 148)   1997  (291)<br \/>\nTare    nacio 1878 (822 Noe)   (murio 205)   2083  (320)<br \/>\nABRAHAM nacio 1948 (892 NOE)   (murio 175)   2123  (390)<\/p>\n<p>(58 anos tenia ABRAHAM, murio NOE) (448 tenia SEM)  en 2006<br \/>\nEn estos anos 2024 Abrahan llego a Canaan, salvo a Lot, fue bendecido por Melquisedec.<br \/>\nIsmael nacio   2034 (Abraham tenia 86 anos)     (SEM 476) (murio de 137 anos en 2171)<br \/>\nIsaac  nacio   2048 (abraham tenia 100 anos)    (Sem 490) (murio de 180)anos en 2228)<br \/>\nIsaac tenia 37 anos cuando murio SARA su madre.           2085<br \/>\nIsaac  tenia 40 (2088) anos cuando se caso con Rebeca.(SEM 530) (Abraham 140)<br \/>\nIsaac tenia  60 (2108)cuando nacieron ESAU y JACOB.   (SEM 550) (Abraham 160)                  (1858 AC)<br \/>\nIsaac tenia 75 anos  y Ismael tenia  89 cuando murio Abraham de 175 anos en 2123. (SEM 565)    (1843 AC)<\/p>\n<p>Isaac tenia 110 anos cuando murio SEM (ESAU-JACOB 50) (de 600 anos en 2158.)<\/p>\n<p>Esau de 40 anos se caso con Judit de Beeri Heteo (en el anos 2148)<br \/>\nJacob tenia alrededor de 69 a 70 anos cuando huyo de Esau.<br \/>\nJacob tenia 91 anos cuando nacio Jose            (en el anos 2199)<br \/>\nJacob entra en Egipto cuando tenia 130 anos      (en el anos 2238)<\/p>\n<\/p><\/div>\n<p><!-- .entry-content -->\n\t\t\t\t<\/div>\n<p><!-- #post-## --><\/p>\n","protected":false},"excerpt":{"rendered":"","protected":false},"author":1,"featured_media":0,"parent":0,"menu_order":0,"comment_status":"closed","ping_status":"closed","template":"","meta":{"footnotes":""},"class_list":["post-134","page","type-page","status-publish","hentry"],"_links":{"self":[{"href":"https:\/\/mundopanama.com\/cristiana\/wp-json\/wp\/v2\/pages\/134","targetHints":{"allow":["GET"]}}],"collection":[{"href":"https:\/\/mundopanama.com\/cristiana\/wp-json\/wp\/v2\/pages"}],"about":[{"href":"https:\/\/mundopanama.com\/cristiana\/wp-json\/wp\/v2\/types\/page"}],"author":[{"embeddable":true,"href":"https:\/\/mundopanama.com\/cristiana\/wp-json\/wp\/v2\/users\/1"}],"replies":[{"embeddable":true,"href":"https:\/\/mundopanama.com\/cristiana\/wp-json\/wp\/v2\/comments?post=134"}],"version-history":[{"count":1,"href":"https:\/\/mundopanama.com\/cristiana\/wp-json\/wp\/v2\/pages\/134\/revisions"}],"predecessor-version":[{"id":136,"href":"https:\/\/mundopanama.com\/cristiana\/wp-json\/wp\/v2\/pages\/134\/revisions\/136"}],"wp:attachment":[{"href":"https:\/\/mundopanama.com\/cristiana\/wp-json\/wp\/v2\/media?parent=134"}],"curies":[{"name":"wp","href":"https:\/\/api.w.org\/{rel}","templated":true}]}}