{"id":163,"date":"2024-03-29T06:56:43","date_gmt":"2024-03-29T06:56:43","guid":{"rendered":"http:\/\/mundopanama.com\/cristiana\/?page_id=163"},"modified":"2024-03-29T06:58:54","modified_gmt":"2024-03-29T06:58:54","slug":"imqv","status":"publish","type":"page","link":"https:\/\/mundopanama.com\/cristiana\/imqv\/","title":{"rendered":"IMQV 780 am"},"content":{"rendered":"<p>Estas escuchando IMQV 780 AM ciudad de Panama, 95.9 fm Darien.<br \/>\nIglesia mas que vencedores. <a href=\"http:\/\/www.imqv.com\/\" target=\"_blank\" rel=\"noopener noreferrer\">http:\/\/www.imqv.com\/<\/a><br \/>\nTelefono 011 (507) 268 2119<br \/> WhatsApp (507) 6030 8057<br \/>\n<a href=\"https:\/\/www.facebook.com\/IMQVPA\" target=\"_blank\" rel=\"noopener noreferrer\">Facebook<\/a><br \/>\nUbicaci\u00f3n: Calle Principal Edificio K-2 Alcalde D\u00edaz Panam\u00e1 0819-03046 Panam\u00e1.<\/p>\n<p><audio src=\"http:\/\/stream2.305stream.com:8184\/;\" preload=\"none\" autoplay=\"autoplay\" controls=\"controls\"> &#8221; &#8220;<\/audio><br \/>\nDeja tu comentario.<br \/>\n<script src=\"http:\/\/connect.facebook.net\/en_GB\/all.js#xfbml=1\"><\/script><fb:comments width=\"560\" num_posts=\"20\" href=\"http:\/\/mundopanama.com\/cristiana\/imqv\" colorscheme=\"light\"><\/fb:comments><\/p>\n","protected":false},"excerpt":{"rendered":"<p>Estas escuchando IMQV 780 AM ciudad de Panama, 95.9 fm Darien. Iglesia mas que vencedores. http:\/\/www.imqv.com\/ Telefono 011 (507) 268 2119 WhatsApp (507) 6030 8057 Facebook Ubicaci\u00f3n: Calle Principal Edificio K-2 Alcalde D\u00edaz Panam\u00e1 0819-03046 Panam\u00e1. &#8221; &#8220; Deja tu comentario.<\/p>\n","protected":false},"author":1,"featured_media":0,"parent":0,"menu_order":0,"comment_status":"closed","ping_status":"closed","template":"","meta":{"footnotes":""},"class_list":["post-163","page","type-page","status-publish","hentry"],"_links":{"self":[{"href":"https:\/\/mundopanama.com\/cristiana\/wp-json\/wp\/v2\/pages\/163","targetHints":{"allow":["GET"]}}],"collection":[{"href":"https:\/\/mundopanama.com\/cristiana\/wp-json\/wp\/v2\/pages"}],"about":[{"href":"https:\/\/mundopanama.com\/cristiana\/wp-json\/wp\/v2\/types\/page"}],"author":[{"embeddable":true,"href":"https:\/\/mundopanama.com\/cristiana\/wp-json\/wp\/v2\/users\/1"}],"replies":[{"embeddable":true,"href":"https:\/\/mundopanama.com\/cristiana\/wp-json\/wp\/v2\/comments?post=163"}],"version-history":[{"count":2,"href":"https:\/\/mundopanama.com\/cristiana\/wp-json\/wp\/v2\/pages\/163\/revisions"}],"predecessor-version":[{"id":167,"href":"https:\/\/mundopanama.com\/cristiana\/wp-json\/wp\/v2\/pages\/163\/revisions\/167"}],"wp:attachment":[{"href":"https:\/\/mundopanama.com\/cristiana\/wp-json\/wp\/v2\/media?parent=163"}],"curies":[{"name":"wp","href":"https:\/\/api.w.org\/{rel}","templated":true}]}}