{"id":189,"date":"2024-03-29T07:53:37","date_gmt":"2024-03-29T07:53:37","guid":{"rendered":"http:\/\/mundopanama.com\/cristiana\/?page_id=189"},"modified":"2024-03-30T05:37:39","modified_gmt":"2024-03-30T05:37:39","slug":"luzdevida","status":"publish","type":"page","link":"https:\/\/mundopanama.com\/cristiana\/luzdevida\/","title":{"rendered":"Luz de vida"},"content":{"rendered":"<p>Luz de Vida Stereo 102.9 fm. <a href=\"https:\/\/luzdevidaradio.com\/\" target=\"_blank\" rel=\"noopener noreferrer\">Pagina web<\/a><br \/>\n<a href=\"https:\/\/twitter.com\/radioluzdevida\" target=\"_blank\" rel=\"noopener noreferrer\">Twitter X<\/a><br \/>\nUbicado en David, Chiriqu\u00ed, Rep\u00fablica de Panam\u00e1<br \/>\nAvenida 1era, entre calle &#8220;D&#8221; y &#8220;E&#8221; Sur<br \/>\nTelefono: (507) 774-2951. WhatsApp (507) 775-1387<br \/>\n Apartado 0426-00533<\/p>\n<p><audio width=\"600\" height=\"100\" controls=\"controls\" autoplay=\"autoplay\" src=\"https:\/\/radios.host-pa.com:8008\/stream\"><\/audio><\/p>\n<p>Deja tu comentario.<br \/>\n<script src=\"http:\/\/connect.facebook.net\/en_GB\/all.js#xfbml=1\"><\/script><fb:comments width=\"560\" num_posts=\"20\" href=\"http:\/\/mundopanama.com\/cristiana\/luzdevida\" colorscheme=\"light\"><\/fb:comments><\/p>\n","protected":false},"excerpt":{"rendered":"<p>Luz de Vida Stereo 102.9 fm. Pagina web Twitter X Ubicado en David, Chiriqu\u00ed, Rep\u00fablica de Panam\u00e1 Avenida 1era, entre calle &#8220;D&#8221; y &#8220;E&#8221; Sur Telefono: (507) 774-2951. WhatsApp (507) 775-1387 Apartado 0426-00533 Deja tu comentario.<\/p>\n","protected":false},"author":1,"featured_media":0,"parent":0,"menu_order":0,"comment_status":"closed","ping_status":"closed","template":"","meta":{"footnotes":""},"class_list":["post-189","page","type-page","status-publish","hentry"],"_links":{"self":[{"href":"https:\/\/mundopanama.com\/cristiana\/wp-json\/wp\/v2\/pages\/189","targetHints":{"allow":["GET"]}}],"collection":[{"href":"https:\/\/mundopanama.com\/cristiana\/wp-json\/wp\/v2\/pages"}],"about":[{"href":"https:\/\/mundopanama.com\/cristiana\/wp-json\/wp\/v2\/types\/page"}],"author":[{"embeddable":true,"href":"https:\/\/mundopanama.com\/cristiana\/wp-json\/wp\/v2\/users\/1"}],"replies":[{"embeddable":true,"href":"https:\/\/mundopanama.com\/cristiana\/wp-json\/wp\/v2\/comments?post=189"}],"version-history":[{"count":3,"href":"https:\/\/mundopanama.com\/cristiana\/wp-json\/wp\/v2\/pages\/189\/revisions"}],"predecessor-version":[{"id":354,"href":"https:\/\/mundopanama.com\/cristiana\/wp-json\/wp\/v2\/pages\/189\/revisions\/354"}],"wp:attachment":[{"href":"https:\/\/mundopanama.com\/cristiana\/wp-json\/wp\/v2\/media?parent=189"}],"curies":[{"name":"wp","href":"https:\/\/api.w.org\/{rel}","templated":true}]}}