{"id":197,"date":"2024-03-30T01:33:36","date_gmt":"2024-03-30T01:33:36","guid":{"rendered":"http:\/\/mundopanama.com\/cristiana\/?page_id=197"},"modified":"2024-03-30T01:44:15","modified_gmt":"2024-03-30T01:44:15","slug":"visionradio","status":"publish","type":"page","link":"https:\/\/mundopanama.com\/cristiana\/visionradio\/","title":{"rendered":"Nuevo amanecer vision radio"},"content":{"rendered":"<p>Estas escuchando Nuevo Amanecer Vision Radio 105.1 fm,  desde Barriada los Diamantes #2, Casa #1, Sabanitas, Provincia de Col\u00f3n, Panam\u00e1. Administrada por la Asociaci\u00f3n Atl\u00e1ntica Paname\u00f1a de los Adventistas del S\u00e9ptimo D\u00eda,<br \/>\n<a href=\"https:\/\/amanecerradio.net\/\" target=\"_blank\" rel=\"noopener noreferrer\">https:\/\/amanecerradio.net\/<\/a>&#8212;<a href=\"https:\/\/twitter.com\/navisionradio\" target=\"_blank\" rel=\"noopener noreferrer\">Twitter<\/a>&#8212;<a href=\"https:\/\/www.facebook.com\/navisionradio\/\" target=\"_blank\" rel=\"noopener noreferrer\">Facebook<\/a>&#8212;<a href=\"https:\/\/www.instagram.com\/navisionradio\/\" target=\"_blank\" rel=\"noopener noreferrer\">Instagram<\/a><br \/>\nTelefono: (507) 6310-9999<\/p>\n<p><audio width=\"600\" height=\"100\" controls=\"controls\" autoplay=\"autoplay\" src=\"https:\/\/sc10.conectarhosting.com\/proxy\/navision?mp=\/stream\"><\/audio><\/p>\n<p>Deja tu comentario.<br \/>\n<script src=\"http:\/\/connect.facebook.net\/en_GB\/all.js#xfbml=1\"><\/script><fb:comments width=\"900\" num_posts=\"50\" href=\"http:\/\/mundo-panama.com\/cristiana\/navisionradio\/\" colorscheme=\"light\"><\/fb:comments><\/p>\n","protected":false},"excerpt":{"rendered":"<p>Estas escuchando Nuevo Amanecer Vision Radio 105.1 fm, desde Barriada los Diamantes #2, Casa #1, Sabanitas, Provincia de Col\u00f3n, Panam\u00e1. Administrada por la Asociaci\u00f3n Atl\u00e1ntica Paname\u00f1a de los Adventistas del S\u00e9ptimo D\u00eda, https:\/\/amanecerradio.net\/&#8212;Twitter&#8212;Facebook&#8212;Instagram Telefono: (507) 6310-9999 Deja tu comentario.<\/p>\n","protected":false},"author":1,"featured_media":0,"parent":0,"menu_order":0,"comment_status":"closed","ping_status":"closed","template":"","meta":{"footnotes":""},"class_list":["post-197","page","type-page","status-publish","hentry"],"_links":{"self":[{"href":"https:\/\/mundopanama.com\/cristiana\/wp-json\/wp\/v2\/pages\/197","targetHints":{"allow":["GET"]}}],"collection":[{"href":"https:\/\/mundopanama.com\/cristiana\/wp-json\/wp\/v2\/pages"}],"about":[{"href":"https:\/\/mundopanama.com\/cristiana\/wp-json\/wp\/v2\/types\/page"}],"author":[{"embeddable":true,"href":"https:\/\/mundopanama.com\/cristiana\/wp-json\/wp\/v2\/users\/1"}],"replies":[{"embeddable":true,"href":"https:\/\/mundopanama.com\/cristiana\/wp-json\/wp\/v2\/comments?post=197"}],"version-history":[{"count":9,"href":"https:\/\/mundopanama.com\/cristiana\/wp-json\/wp\/v2\/pages\/197\/revisions"}],"predecessor-version":[{"id":213,"href":"https:\/\/mundopanama.com\/cristiana\/wp-json\/wp\/v2\/pages\/197\/revisions\/213"}],"wp:attachment":[{"href":"https:\/\/mundopanama.com\/cristiana\/wp-json\/wp\/v2\/media?parent=197"}],"curies":[{"name":"wp","href":"https:\/\/api.w.org\/{rel}","templated":true}]}}