{"id":224,"date":"2024-03-30T02:00:28","date_gmt":"2024-03-30T02:00:28","guid":{"rendered":"http:\/\/mundopanama.com\/cristiana\/?page_id=224"},"modified":"2025-08-26T03:39:31","modified_gmt":"2025-08-26T03:39:31","slug":"radioadventista","status":"publish","type":"page","link":"https:\/\/mundopanama.com\/cristiana\/radioadventista\/","title":{"rendered":"Radio Adventista Panama"},"content":{"rendered":"<p>Estas escuchando La Voz de Panama  1560 am  105.3 fm. Cadena radial de Panam\u00e1. Radio Adventista la Voz de la Esperanza y Nuevo Amanecer Visi\u00f3n Radio.<br \/>\nUbicado en: Asociaci\u00f3n Metropolitana de Panam\u00e1<br \/>\nIglesia Adventista del S\u00e9ptimo d\u00eda  Edificio 0789, Panama City.<br \/>\nTel\u00e9fonos: +507-228-4236 \/ +507-228-4237- Whasapp (+507)6683-3586<br \/>\n<a href=\"https:\/\/amapanama.org\/\" target=\"_blank\" rel=\"noopener noreferrer\">https:\/\/amapanama.org\/<\/a>&#8212;<a href=\"https:\/\/twitter.com\/amapanamaorg\" target=\"_blank\" rel=\"noopener noreferrer\">Twitter<\/a>&#8212;<a href=\"https:\/\/www.instagram.com\/iglesiaadventistapanama\/\" target=\"_blank\" rel=\"noopener noreferrer\">Instagram<\/a><\/p>\n<p>Dale click para empezar.<br \/>\n<audio controls=\"\"><source src=\"https:\/\/cloudstream2032.conectarhosting.com:10796\/stream\/1\/\" type=\"audio\/mp3\" type=\"audio\/mpeg\"><\/audio><\/p>\n<p>Deja tu comentario.<br \/>\n<script src=\"http:\/\/connect.facebook.net\/en_GB\/all.js#xfbml=1\"><\/script><fb:comments width=\"560\" num_posts=\"20\" href=\"http:\/\/mundopanama.com\/cristiana\/radioadventista\" colorscheme=\"light\"><\/fb:comments><\/p>\n","protected":false},"excerpt":{"rendered":"<p>Estas escuchando La Voz de Panama 1560 am 105.3 fm. Cadena radial de Panam\u00e1. Radio Adventista la Voz de la Esperanza y Nuevo Amanecer Visi\u00f3n Radio. Ubicado en: Asociaci\u00f3n Metropolitana de Panam\u00e1 Iglesia Adventista del S\u00e9ptimo d\u00eda Edificio 0789, Panama City. Tel\u00e9fonos: +507-228-4236 \/ +507-228-4237- Whasapp (+507)6683-3586 https:\/\/amapanama.org\/&#8212;Twitter&#8212;Instagram Dale click para empezar. Deja tu comentario.<\/p>\n","protected":false},"author":1,"featured_media":0,"parent":0,"menu_order":0,"comment_status":"closed","ping_status":"closed","template":"","meta":{"footnotes":""},"class_list":["post-224","page","type-page","status-publish","hentry"],"_links":{"self":[{"href":"https:\/\/mundopanama.com\/cristiana\/wp-json\/wp\/v2\/pages\/224","targetHints":{"allow":["GET"]}}],"collection":[{"href":"https:\/\/mundopanama.com\/cristiana\/wp-json\/wp\/v2\/pages"}],"about":[{"href":"https:\/\/mundopanama.com\/cristiana\/wp-json\/wp\/v2\/types\/page"}],"author":[{"embeddable":true,"href":"https:\/\/mundopanama.com\/cristiana\/wp-json\/wp\/v2\/users\/1"}],"replies":[{"embeddable":true,"href":"https:\/\/mundopanama.com\/cristiana\/wp-json\/wp\/v2\/comments?post=224"}],"version-history":[{"count":9,"href":"https:\/\/mundopanama.com\/cristiana\/wp-json\/wp\/v2\/pages\/224\/revisions"}],"predecessor-version":[{"id":402,"href":"https:\/\/mundopanama.com\/cristiana\/wp-json\/wp\/v2\/pages\/224\/revisions\/402"}],"wp:attachment":[{"href":"https:\/\/mundopanama.com\/cristiana\/wp-json\/wp\/v2\/media?parent=224"}],"curies":[{"name":"wp","href":"https:\/\/api.w.org\/{rel}","templated":true}]}}