{"id":231,"date":"2024-03-30T02:25:19","date_gmt":"2024-03-30T02:25:19","guid":{"rendered":"http:\/\/mundopanama.com\/cristiana\/?page_id=231"},"modified":"2025-08-26T03:49:51","modified_gmt":"2025-08-26T03:49:51","slug":"radioavivamiento","status":"publish","type":"page","link":"https:\/\/mundopanama.com\/cristiana\/radioavivamiento\/","title":{"rendered":"Radio Avivamiento"},"content":{"rendered":"<p>Estas escuchando  Radio Avivamiento  1530 AM Panama.<br \/>\nUbicado en Tabern\u00e1culo de la fe, Juan D\u00edaz<br \/>\nTel\u00e9fono: 217-3529 whatsApp : (507) 6906 1721<\/p>\n<p>No hay senal  por internet.<br \/>\n<a href=\"https:\/\/www.facebook.com\/people\/Radio-Avivamiento-Panam%C3%A1\/100092167847295\/\" target=\"_blank\" rel=\"noopener noreferrer\">Facebook<\/a><br \/>\n<a href=\"https:\/\/www.instagram.com\/radioavivamientopanama\/\" target=\"_blank\" rel=\"noopener noreferrer\">Instagram\/<\/a><\/p>\n<p><audio width=\"600\" height=\"32\" controls=\"controls\" autoplay=\"autoplay\" src=\"https:\/\/a1.asurahosting.com:8440\/radio.mp3?refresh=1711765312718\"><\/audio><\/p>\n<p>Deja tu comentario aqui.<\/p>\n<p><script src=\"http:\/\/connect.facebook.net\/en_GB\/all.js#xfbml=1\"><\/script><fb:comments width=\"560\" num_posts=\"20\" href=\"http:\/\/mundopanama.com\/cristiana\/radioavivamiento\" colorscheme=\"light\"><\/fb:comments><\/p>\n","protected":false},"excerpt":{"rendered":"<p>Estas escuchando Radio Avivamiento 1530 AM Panama. Ubicado en Tabern\u00e1culo de la fe, Juan D\u00edaz Tel\u00e9fono: 217-3529 whatsApp : (507) 6906 1721 No hay senal por internet. Facebook Instagram\/ Deja tu comentario aqui.<\/p>\n","protected":false},"author":1,"featured_media":0,"parent":0,"menu_order":0,"comment_status":"closed","ping_status":"closed","template":"","meta":{"footnotes":""},"class_list":["post-231","page","type-page","status-publish","hentry"],"_links":{"self":[{"href":"https:\/\/mundopanama.com\/cristiana\/wp-json\/wp\/v2\/pages\/231","targetHints":{"allow":["GET"]}}],"collection":[{"href":"https:\/\/mundopanama.com\/cristiana\/wp-json\/wp\/v2\/pages"}],"about":[{"href":"https:\/\/mundopanama.com\/cristiana\/wp-json\/wp\/v2\/types\/page"}],"author":[{"embeddable":true,"href":"https:\/\/mundopanama.com\/cristiana\/wp-json\/wp\/v2\/users\/1"}],"replies":[{"embeddable":true,"href":"https:\/\/mundopanama.com\/cristiana\/wp-json\/wp\/v2\/comments?post=231"}],"version-history":[{"count":5,"href":"https:\/\/mundopanama.com\/cristiana\/wp-json\/wp\/v2\/pages\/231\/revisions"}],"predecessor-version":[{"id":407,"href":"https:\/\/mundopanama.com\/cristiana\/wp-json\/wp\/v2\/pages\/231\/revisions\/407"}],"wp:attachment":[{"href":"https:\/\/mundopanama.com\/cristiana\/wp-json\/wp\/v2\/media?parent=231"}],"curies":[{"name":"wp","href":"https:\/\/api.w.org\/{rel}","templated":true}]}}