{"id":286,"date":"2024-03-30T04:01:33","date_gmt":"2024-03-30T04:01:33","guid":{"rendered":"http:\/\/mundopanama.com\/cristiana\/?page_id=286"},"modified":"2024-03-30T04:13:35","modified_gmt":"2024-03-30T04:13:35","slug":"radiohogar","status":"publish","type":"page","link":"https:\/\/mundopanama.com\/cristiana\/radiohogar\/","title":{"rendered":"Radio Hogar Panama"},"content":{"rendered":"<p>Estas escuchando Radio Hogar Panama <a href=\"http:\/\/www.radiohogar.org\/\" target=\"_blank\" rel=\"noopener noreferrer\">http:\/\/www.radiohogar.org\/<\/a> 94.1 Panama,670 y 1250 am, Canal 458 en Cable Onda. 99.1 Colon, 93.1 provincias centrales,103.7 Chiriqui y Bocas del toro,  101.1 Darien.<br \/>\n <a href=\"https:\/\/twitter.com\/radiohogar\" target=\"_blank\" rel=\"noopener noreferrer\">Twitter<\/a> <a href=\"https:\/\/www.facebook.com\/radiohogar\" target=\"_blank\" rel=\"noopener noreferrer\">Facebook<\/a><br \/>\nDireccin: Calle 1era sur, Carrasquilla, a un costado de la Parroquia Nuestra Se\u00f1ora de Lourdes.<br \/>\nAquidi\u00f3cesis de Panam\u00e1<br \/>\nCorreo: info@radiohogar.org Telefonos: Telefonos: (507) 270-0141 \/ 270-0142 , Fax (507) 270-0145<br \/>\n<audio id=\"stream\" style=\"width: 300px;\" preload=\"none\" autoplay=\"autoplay\" controls=\"controls\"><source src=\"https:\/\/www.streaming507.net:9222\/stream\" type=\"audio\/mpeg\"><\/audio><\/p>\n<p>Deja tu comentario.<br \/>\n<script src=\"http:\/\/connect.facebook.net\/en_GB\/all.js#xfbml=1\"><\/script><fb:comments width=\"560\" num_posts=\"20\" href=\"http:\/\/mundopanama.com\/cristiana\/radiohogar\" colorscheme=\"light\"><\/fb:comments><\/p>\n","protected":false},"excerpt":{"rendered":"<p>Estas escuchando Radio Hogar Panama http:\/\/www.radiohogar.org\/ 94.1 Panama,670 y 1250 am, Canal 458 en Cable Onda. 99.1 Colon, 93.1 provincias centrales,103.7 Chiriqui y Bocas del toro, 101.1 Darien. Twitter Facebook Direccin: Calle 1era sur, Carrasquilla, a un costado de la Parroquia Nuestra Se\u00f1ora de Lourdes. Aquidi\u00f3cesis de Panam\u00e1 Correo: info@radiohogar.org Telefonos: Telefonos: (507) 270-0141 \/ &hellip; <a href=\"https:\/\/mundopanama.com\/cristiana\/radiohogar\/\" class=\"more-link\">Continue reading <span class=\"screen-reader-text\">Radio Hogar Panama<\/span> <span class=\"meta-nav\">&rarr;<\/span><\/a><\/p>\n","protected":false},"author":1,"featured_media":0,"parent":0,"menu_order":0,"comment_status":"closed","ping_status":"closed","template":"","meta":{"footnotes":""},"class_list":["post-286","page","type-page","status-publish","hentry"],"_links":{"self":[{"href":"https:\/\/mundopanama.com\/cristiana\/wp-json\/wp\/v2\/pages\/286","targetHints":{"allow":["GET"]}}],"collection":[{"href":"https:\/\/mundopanama.com\/cristiana\/wp-json\/wp\/v2\/pages"}],"about":[{"href":"https:\/\/mundopanama.com\/cristiana\/wp-json\/wp\/v2\/types\/page"}],"author":[{"embeddable":true,"href":"https:\/\/mundopanama.com\/cristiana\/wp-json\/wp\/v2\/users\/1"}],"replies":[{"embeddable":true,"href":"https:\/\/mundopanama.com\/cristiana\/wp-json\/wp\/v2\/comments?post=286"}],"version-history":[{"count":4,"href":"https:\/\/mundopanama.com\/cristiana\/wp-json\/wp\/v2\/pages\/286\/revisions"}],"predecessor-version":[{"id":293,"href":"https:\/\/mundopanama.com\/cristiana\/wp-json\/wp\/v2\/pages\/286\/revisions\/293"}],"wp:attachment":[{"href":"https:\/\/mundopanama.com\/cristiana\/wp-json\/wp\/v2\/media?parent=286"}],"curies":[{"name":"wp","href":"https:\/\/api.w.org\/{rel}","templated":true}]}}