{"id":294,"date":"2024-03-30T04:26:18","date_gmt":"2024-03-30T04:26:18","guid":{"rendered":"http:\/\/mundopanama.com\/cristiana\/?page_id=294"},"modified":"2025-08-26T04:19:15","modified_gmt":"2025-08-26T04:19:15","slug":"radioipul","status":"publish","type":"page","link":"https:\/\/mundopanama.com\/cristiana\/radioipul\/","title":{"rendered":"Radio ipul Colon"},"content":{"rendered":"<p>Estas escuchando Radio Ipul. Localizado en calle 8 y avenida Bol\u00edvar esquina, Ciudad De Col\u00f3n, Colon, Panama. Emisora online de La Iglesia Pentecostal Unida Latinoamericana en Col\u00f3n Panam\u00e1<br \/>\nLa Voz De Dios Para Tu Vida, Anunciando el evangelio<\/p>\n<p><a href=\"http:\/\/radioipulcolon.com\/\" target=\"_blank\" rel=\"noopener noreferrer\">http:\/\/radioipulcolon.com\/<\/a>&#8212;<a href=\"https:\/\/www.facebook.com\/radioipulcoloncentro\/\" target=\"_blank\" rel=\"noopener noreferrer\">Facebook<\/a>&#8212;<a href=\"https:\/\/www.instagram.com\/radioipulcoloncentro\/\" target=\"_blank\" rel=\"noopener noreferrer\">Instagram<\/a>&#8212;<a href=\"https:\/\/twitter.com\/ColonIpul\" target=\"_blank\" rel=\"noopener noreferrer\">Twitter<\/a><br \/>\nTelefono:(507) 474 0032<\/p>\n<p>Sin senal por internet.<\/p>\n<p>Ipul Colombia<br \/>\n<audio width=\"600\" height=\"100\" controls=\"controls\" autoplay=\"autoplay\" src=\"http:\/\/stream.zeno.fm\/yzf4k2wv8qzuv\"><\/audio><\/p>\n<p>Deja tu comentario.<br \/>\n<script src=\"http:\/\/connect.facebook.net\/en_GB\/all.js#xfbml=1\"><\/script><fb:comments width=\"560\" num_posts=\"20\" href=\"http:\/\/mundopanama.com\/cristiana\/radioipul\" colorscheme=\"light\"><\/fb:comments><\/p>\n","protected":false},"excerpt":{"rendered":"<p>Estas escuchando Radio Ipul. Localizado en calle 8 y avenida Bol\u00edvar esquina, Ciudad De Col\u00f3n, Colon, Panama. Emisora online de La Iglesia Pentecostal Unida Latinoamericana en Col\u00f3n Panam\u00e1 La Voz De Dios Para Tu Vida, Anunciando el evangelio http:\/\/radioipulcolon.com\/&#8212;Facebook&#8212;Instagram&#8212;Twitter Telefono:(507) 474 0032 Sin senal por internet. Ipul Colombia Deja tu comentario.<\/p>\n","protected":false},"author":1,"featured_media":0,"parent":0,"menu_order":0,"comment_status":"closed","ping_status":"closed","template":"","meta":{"footnotes":""},"class_list":["post-294","page","type-page","status-publish","hentry"],"_links":{"self":[{"href":"https:\/\/mundopanama.com\/cristiana\/wp-json\/wp\/v2\/pages\/294","targetHints":{"allow":["GET"]}}],"collection":[{"href":"https:\/\/mundopanama.com\/cristiana\/wp-json\/wp\/v2\/pages"}],"about":[{"href":"https:\/\/mundopanama.com\/cristiana\/wp-json\/wp\/v2\/types\/page"}],"author":[{"embeddable":true,"href":"https:\/\/mundopanama.com\/cristiana\/wp-json\/wp\/v2\/users\/1"}],"replies":[{"embeddable":true,"href":"https:\/\/mundopanama.com\/cristiana\/wp-json\/wp\/v2\/comments?post=294"}],"version-history":[{"count":6,"href":"https:\/\/mundopanama.com\/cristiana\/wp-json\/wp\/v2\/pages\/294\/revisions"}],"predecessor-version":[{"id":414,"href":"https:\/\/mundopanama.com\/cristiana\/wp-json\/wp\/v2\/pages\/294\/revisions\/414"}],"wp:attachment":[{"href":"https:\/\/mundopanama.com\/cristiana\/wp-json\/wp\/v2\/media?parent=294"}],"curies":[{"name":"wp","href":"https:\/\/api.w.org\/{rel}","templated":true}]}}