{"id":312,"date":"2024-03-30T04:45:43","date_gmt":"2024-03-30T04:45:43","guid":{"rendered":"http:\/\/mundopanama.com\/cristiana\/?page_id=312"},"modified":"2025-08-26T04:36:48","modified_gmt":"2025-08-26T04:36:48","slug":"radiosantidad","status":"publish","type":"page","link":"https:\/\/mundopanama.com\/cristiana\/radiosantidad\/","title":{"rendered":"radiosantidad"},"content":{"rendered":"<p>Estas escuchando Radio Santidad <a href=\"http:\/\/tabernaculodesantidad.com\/\" target=\"_blank\" rel=\"noopener noreferrer\">http:\/\/tabernaculodesantidad.com\/<\/a>&#8212;<a href=\"https:\/\/www.facebook.com\/people\/Tabernaculo-De-Santidad-Mecsp\/100007067326749?_rdc=1&amp;_rdr\" target=\"_blank\" rel=\"noopener noreferrer\">Facebook<\/a><br \/>\nLocalizado en : Tabernaculo de Santidad<br \/>\nLos Pilones #2 Detr\u00e1s de Centro Comercial la Do\u00f1a 24 de Diciembre, PANAM\u00c1<\/p>\n<p>Sin audio por internet.<\/p>\n<p><audio controls=\"\" autoplay=\"\" src=\"http:\/\/216.224.177.136:1935\/live\/mtsi.stream;\"><\/audio><\/p>\n<p><script src=\"http:\/\/connect.facebook.net\/en_GB\/all.js#xfbml=1\"><\/script><fb:comments width=\"560\" num_posts=\"20\" href=\"http:\/\/mundopanama.com\/cristiana\/radiosantidad\" colorscheme=\"light\"><\/fb:comments><\/p>\n","protected":false},"excerpt":{"rendered":"<p>Estas escuchando Radio Santidad http:\/\/tabernaculodesantidad.com\/&#8212;Facebook Localizado en : Tabernaculo de Santidad Los Pilones #2 Detr\u00e1s de Centro Comercial la Do\u00f1a 24 de Diciembre, PANAM\u00c1 Sin audio por internet.<\/p>\n","protected":false},"author":1,"featured_media":0,"parent":0,"menu_order":0,"comment_status":"closed","ping_status":"closed","template":"","meta":{"footnotes":""},"class_list":["post-312","page","type-page","status-publish","hentry"],"_links":{"self":[{"href":"https:\/\/mundopanama.com\/cristiana\/wp-json\/wp\/v2\/pages\/312","targetHints":{"allow":["GET"]}}],"collection":[{"href":"https:\/\/mundopanama.com\/cristiana\/wp-json\/wp\/v2\/pages"}],"about":[{"href":"https:\/\/mundopanama.com\/cristiana\/wp-json\/wp\/v2\/types\/page"}],"author":[{"embeddable":true,"href":"https:\/\/mundopanama.com\/cristiana\/wp-json\/wp\/v2\/users\/1"}],"replies":[{"embeddable":true,"href":"https:\/\/mundopanama.com\/cristiana\/wp-json\/wp\/v2\/comments?post=312"}],"version-history":[{"count":2,"href":"https:\/\/mundopanama.com\/cristiana\/wp-json\/wp\/v2\/pages\/312\/revisions"}],"predecessor-version":[{"id":420,"href":"https:\/\/mundopanama.com\/cristiana\/wp-json\/wp\/v2\/pages\/312\/revisions\/420"}],"wp:attachment":[{"href":"https:\/\/mundopanama.com\/cristiana\/wp-json\/wp\/v2\/media?parent=312"}],"curies":[{"name":"wp","href":"https:\/\/api.w.org\/{rel}","templated":true}]}}