{"id":321,"date":"2024-03-30T05:05:01","date_gmt":"2024-03-30T05:05:01","guid":{"rendered":"http:\/\/mundopanama.com\/cristiana\/?page_id=321"},"modified":"2025-08-26T04:46:28","modified_gmt":"2025-08-26T04:46:28","slug":"radiovozdediosenlasalturas","status":"publish","type":"page","link":"https:\/\/mundopanama.com\/cristiana\/radiovozdediosenlasalturas\/","title":{"rendered":"radiovozdediosenlasalturas"},"content":{"rendered":"<p>Estas escuchando Radio voz en las alturas; Chiriqui, ministerio del espiritu.<br \/>\n<a href=\"http:\/\/www.radiovozdediosenlasalturas.com\" target=\"_blank\" rel=\"noopener noreferrer\">http:\/\/www.radiovozdediosenlasalturas.com<\/a>&#8212; Tel.: (507) 6249-0677 &#8211;  (507) 720-1028<br \/>\nDirecci\u00f3n: Calle F. Sur Frente al Banco Caja de Ahorros, Bajo Boquete. Boquete Distrito de Chiriqu\u00ed, Rep. de Panam\u00e1.<\/p>\n<p><a href=\"https:\/\/twitter.com\/mespiritu1\" target=\"_blank\" rel=\"noopener noreferrer\">Twitter<\/a>&#8212;-<a href=\"https:\/\/www.facebook.com\/radiovozdediosenlasalturas\/\" target=\"_blank\" rel=\"noopener noreferrer\">Facebook<\/a>&#8212;<a href=\"https:\/\/www.instagram.com\/ministerio_del_espiritu\/\" target=\"_blank\" rel=\"noopener noreferrer\">Instagram<\/a><\/p>\n<p><audio width=\"600\" height=\"32\" controls=\"controls\" autoplay=\"autoplay\" src=\"http:\/\/stm1.hostingtico.com:8040\/;\n\"><\/audio><\/p>\n<p>Deja tu comentario.<br \/>\n<script src=\"http:\/\/connect.facebook.net\/en_GB\/all.js#xfbml=1\"><\/script><fb:comments width=\"560\" num_posts=\"20\" href=\"http:\/\/mundopanama.com\/cristiana\/radiovozenlasalturas\" colorscheme=\"light\"><\/fb:comments><\/p>\n","protected":false},"excerpt":{"rendered":"<p>Estas escuchando Radio voz en las alturas; Chiriqui, ministerio del espiritu. http:\/\/www.radiovozdediosenlasalturas.com&#8212; Tel.: (507) 6249-0677 &#8211; (507) 720-1028 Direcci\u00f3n: Calle F. Sur Frente al Banco Caja de Ahorros, Bajo Boquete. Boquete Distrito de Chiriqu\u00ed, Rep. de Panam\u00e1. Twitter&#8212;-Facebook&#8212;Instagram Deja tu comentario.<\/p>\n","protected":false},"author":1,"featured_media":0,"parent":0,"menu_order":0,"comment_status":"closed","ping_status":"closed","template":"","meta":{"footnotes":""},"class_list":["post-321","page","type-page","status-publish","hentry"],"_links":{"self":[{"href":"https:\/\/mundopanama.com\/cristiana\/wp-json\/wp\/v2\/pages\/321","targetHints":{"allow":["GET"]}}],"collection":[{"href":"https:\/\/mundopanama.com\/cristiana\/wp-json\/wp\/v2\/pages"}],"about":[{"href":"https:\/\/mundopanama.com\/cristiana\/wp-json\/wp\/v2\/types\/page"}],"author":[{"embeddable":true,"href":"https:\/\/mundopanama.com\/cristiana\/wp-json\/wp\/v2\/users\/1"}],"replies":[{"embeddable":true,"href":"https:\/\/mundopanama.com\/cristiana\/wp-json\/wp\/v2\/comments?post=321"}],"version-history":[{"count":7,"href":"https:\/\/mundopanama.com\/cristiana\/wp-json\/wp\/v2\/pages\/321\/revisions"}],"predecessor-version":[{"id":425,"href":"https:\/\/mundopanama.com\/cristiana\/wp-json\/wp\/v2\/pages\/321\/revisions\/425"}],"wp:attachment":[{"href":"https:\/\/mundopanama.com\/cristiana\/wp-json\/wp\/v2\/media?parent=321"}],"curies":[{"name":"wp","href":"https:\/\/api.w.org\/{rel}","templated":true}]}}