{"id":123,"date":"2024-03-04T05:44:02","date_gmt":"2024-03-04T05:44:02","guid":{"rendered":"http:\/\/mundopanama.com\/index\/?page_id=123"},"modified":"2025-01-12T04:01:49","modified_gmt":"2025-01-12T04:01:49","slug":"fmlonuestro","status":"publish","type":"page","link":"https:\/\/mundopanama.com\/index\/fmlonuestro\/","title":{"rendered":"fmlonuestro"},"content":{"rendered":"<p>Estas escuchando <a href=\"http:\/\/www.fmlonuestro.com\/\" target=\"_blank\" rel=\"noopener noreferrer\">www.fmlonuestro.com<\/a><br \/>\nTel\u00e9fono: Oficina: +507 322 2735<br \/>\n    Cabina: +507 322 2785<br \/>\n   Whatsapp +507 6464-2793<br \/>\n <a href=\"https:\/\/www.facebook.com\/FMLoNuestro\/\" target=\"_blank\" rel=\"noopener noreferrer\">Facebook<\/a>&#8212;<a href=\"https:\/\/twitter.com\/FMLoNuestro?lang=en\" target=\"_blank\" rel=\"noopener noreferrer\">Twitter<\/a><br \/>\nFM 102.1 Provincias de Panam\u00e1 y Playas (Pac\u00edfico), FM 93.9 Provincia de Col\u00f3n, FM 98.5 Provincias de Chiriqu\u00ed y Bocas del Toro, FM 88.3 Provincias Centrales.<\/p>\n<p><audio src=\"https:\/\/www.streaming507.net:8136\/stream\" controls=\"controls\" type=\"audio\/mpeg\" preload=\"preload\"><br \/>\n<\/audio><br \/>\nDeja tu mensaje.<br \/>\n<script src=\"http:\/\/connect.facebook.net\/en_GB\/all.js#xfbml=1\"><\/script><fb:comments width=\"650\" num_posts=\"50\" href=\"http:\/\/mundo-panama.com\/index\/fmlonuestro\" colorscheme=\"light\"><\/fb:comments><\/p>\n","protected":false},"excerpt":{"rendered":"<p>Estas escuchando www.fmlonuestro.com Tel\u00e9fono: Oficina: +507 322 2735 Cabina: +507 322 2785 Whatsapp +507 6464-2793 Facebook&#8212;Twitter FM 102.1 Provincias de Panam\u00e1 y Playas (Pac\u00edfico), FM 93.9 Provincia de Col\u00f3n, FM&hellip;<\/p>\n","protected":false},"author":1,"featured_media":0,"parent":0,"menu_order":0,"comment_status":"closed","ping_status":"closed","template":"","meta":{"footnotes":""},"class_list":["post-123","page","type-page","status-publish","hentry"],"_links":{"self":[{"href":"https:\/\/mundopanama.com\/index\/wp-json\/wp\/v2\/pages\/123","targetHints":{"allow":["GET"]}}],"collection":[{"href":"https:\/\/mundopanama.com\/index\/wp-json\/wp\/v2\/pages"}],"about":[{"href":"https:\/\/mundopanama.com\/index\/wp-json\/wp\/v2\/types\/page"}],"author":[{"embeddable":true,"href":"https:\/\/mundopanama.com\/index\/wp-json\/wp\/v2\/users\/1"}],"replies":[{"embeddable":true,"href":"https:\/\/mundopanama.com\/index\/wp-json\/wp\/v2\/comments?post=123"}],"version-history":[{"count":8,"href":"https:\/\/mundopanama.com\/index\/wp-json\/wp\/v2\/pages\/123\/revisions"}],"predecessor-version":[{"id":718,"href":"https:\/\/mundopanama.com\/index\/wp-json\/wp\/v2\/pages\/123\/revisions\/718"}],"wp:attachment":[{"href":"https:\/\/mundopanama.com\/index\/wp-json\/wp\/v2\/media?parent=123"}],"curies":[{"name":"wp","href":"https:\/\/api.w.org\/{rel}","templated":true}]}}