{"id":128,"date":"2024-03-04T06:03:43","date_gmt":"2024-03-04T06:03:43","guid":{"rendered":"http:\/\/mundopanama.com\/index\/?page_id=128"},"modified":"2024-03-04T06:06:15","modified_gmt":"2024-03-04T06:06:15","slug":"holapanama","status":"publish","type":"page","link":"https:\/\/mundopanama.com\/index\/holapanama\/","title":{"rendered":"holapanama"},"content":{"rendered":"<p>Estas escuchando Hola Panama.<a href=\"https:\/\/www.holapanama1031.com\/\" target=\"_blank\" rel=\"noopener noreferrer\">https:\/\/www.holapanama1031.com\/<\/a><br \/>\nDirecci\u00f3n:Plaza Do\u00f1a Sara, Ave. Julio Arjona y Antonio Burgos Chitr\u00e9, Herrera, Rep\u00fablica de Panam\u00e1.<br \/>\n Tel\u00e9fono:(+507) 970-1033,   WhatsApp +507 6679-1708 &#8212;<br \/>\n<a href=\"https:\/\/twitter.com\/holapanama1033\" target=\"_blank\" rel=\"noopener noreferrer\">Twitter<\/a>&#8212;<a href=\"https:\/\/www.facebook.com\/HolaPanama1031-245739998910499\/\" target=\"_blank\" rel=\"noopener noreferrer\">Facebook<\/a>&#8212;<a href=\"https:\/\/www.instagram.com\/holapanama1031\/\" target=\"_blank\" rel=\"noopener noreferrer\">Instagram<\/a>&#8212;<br \/>\n<iframe loading=\"lazy\" allowtransparency=\"\" border=\"0\" marginheight=\"0\" scrolling=\"no\" src=\"https:\/\/www.streaming507.com\/players\/html5\/holapanama\/\" width=\"650\" height=\"150\" frameborder=\"NO\"><\/iframe><br \/>\nDeja tu mensaje.<br \/>\n<script src=\"http:\/\/connect.facebook.net\/en_GB\/all.js#xfbml=1\"><\/script><fb:comments width=\"650\" num_posts=\"50\" href=\"http:\/\/mundo-panama.com\/index\/holapanama\" colorscheme=\"light\"><\/fb:comments><\/p>\n","protected":false},"excerpt":{"rendered":"<p>Estas escuchando Hola Panama.https:\/\/www.holapanama1031.com\/ Direcci\u00f3n:Plaza Do\u00f1a Sara, Ave. Julio Arjona y Antonio Burgos Chitr\u00e9, Herrera, Rep\u00fablica de Panam\u00e1. Tel\u00e9fono:(+507) 970-1033, WhatsApp +507 6679-1708 &#8212; Twitter&#8212;Facebook&#8212;Instagram&#8212; Deja tu mensaje.<\/p>\n","protected":false},"author":1,"featured_media":0,"parent":0,"menu_order":0,"comment_status":"closed","ping_status":"closed","template":"","meta":{"footnotes":""},"class_list":["post-128","page","type-page","status-publish","hentry"],"_links":{"self":[{"href":"https:\/\/mundopanama.com\/index\/wp-json\/wp\/v2\/pages\/128","targetHints":{"allow":["GET"]}}],"collection":[{"href":"https:\/\/mundopanama.com\/index\/wp-json\/wp\/v2\/pages"}],"about":[{"href":"https:\/\/mundopanama.com\/index\/wp-json\/wp\/v2\/types\/page"}],"author":[{"embeddable":true,"href":"https:\/\/mundopanama.com\/index\/wp-json\/wp\/v2\/users\/1"}],"replies":[{"embeddable":true,"href":"https:\/\/mundopanama.com\/index\/wp-json\/wp\/v2\/comments?post=128"}],"version-history":[{"count":2,"href":"https:\/\/mundopanama.com\/index\/wp-json\/wp\/v2\/pages\/128\/revisions"}],"predecessor-version":[{"id":130,"href":"https:\/\/mundopanama.com\/index\/wp-json\/wp\/v2\/pages\/128\/revisions\/130"}],"wp:attachment":[{"href":"https:\/\/mundopanama.com\/index\/wp-json\/wp\/v2\/media?parent=128"}],"curies":[{"name":"wp","href":"https:\/\/api.w.org\/{rel}","templated":true}]}}