{"id":146,"date":"2024-03-04T06:52:48","date_gmt":"2024-03-04T06:52:48","guid":{"rendered":"http:\/\/mundopanama.com\/index\/?page_id=146"},"modified":"2025-08-10T03:07:28","modified_gmt":"2025-08-10T03:07:28","slug":"exitosapanama","status":"publish","type":"page","link":"https:\/\/mundopanama.com\/index\/exitosapanama\/","title":{"rendered":"La Exitosa Panama"},"content":{"rendered":"<p>Estas escuchando La <a href=\"http:\/\/laxitosapanama.com\/\" target=\"_blank\" rel=\"noopener noreferrer\">Exitosa Panama<\/a>, 95.3 fm el poder informativo de Panama.&#8212;      <a href=\"https:\/\/twitter.com\/laexitosapanama\" target=\"_blank\" rel=\"noopener noreferrer\">Twitter<\/a><br \/>\nLocalizado en: CALLE 45, BELLA VISTA, EDIFICIO LA EXITOSA,<br \/>\nPANAM\u00c1, PANAM\u00c1. 9530 PA.<br \/>\n Tel\u00e9fono +507 227-0953<br \/>\n<audio autoplay=\"autoplay\" controls=\"controls\"><source src=\"https:\/\/stream.zeno.fm\/nvpr0uec8e9uv\" type=\"audio\/mpeg\"><\/audio><br \/>\nDeja tu comentario<br \/>\n<script src=\"http:\/\/connect.facebook.net\/en_GB\/all.js#xfbml=1\"><\/script><fb:comments width=\"650\" num_posts=\"50\" href=\"http:\/\/mundo-panama.com\/index\/exitosapanama\" colorscheme=\"light\"><\/fb:comments><\/p>\n","protected":false},"excerpt":{"rendered":"<p>Estas escuchando La Exitosa Panama, 95.3 fm el poder informativo de Panama.&#8212; Twitter Localizado en: CALLE 45, BELLA VISTA, EDIFICIO LA EXITOSA, PANAM\u00c1, PANAM\u00c1. 9530 PA. Tel\u00e9fono +507 227-0953 Deja&hellip;<\/p>\n","protected":false},"author":1,"featured_media":0,"parent":0,"menu_order":0,"comment_status":"closed","ping_status":"closed","template":"","meta":{"footnotes":""},"class_list":["post-146","page","type-page","status-publish","hentry"],"_links":{"self":[{"href":"https:\/\/mundopanama.com\/index\/wp-json\/wp\/v2\/pages\/146","targetHints":{"allow":["GET"]}}],"collection":[{"href":"https:\/\/mundopanama.com\/index\/wp-json\/wp\/v2\/pages"}],"about":[{"href":"https:\/\/mundopanama.com\/index\/wp-json\/wp\/v2\/types\/page"}],"author":[{"embeddable":true,"href":"https:\/\/mundopanama.com\/index\/wp-json\/wp\/v2\/users\/1"}],"replies":[{"embeddable":true,"href":"https:\/\/mundopanama.com\/index\/wp-json\/wp\/v2\/comments?post=146"}],"version-history":[{"count":6,"href":"https:\/\/mundopanama.com\/index\/wp-json\/wp\/v2\/pages\/146\/revisions"}],"predecessor-version":[{"id":850,"href":"https:\/\/mundopanama.com\/index\/wp-json\/wp\/v2\/pages\/146\/revisions\/850"}],"wp:attachment":[{"href":"https:\/\/mundopanama.com\/index\/wp-json\/wp\/v2\/media?parent=146"}],"curies":[{"name":"wp","href":"https:\/\/api.w.org\/{rel}","templated":true}]}}