{"id":202,"date":"2024-03-10T07:33:31","date_gmt":"2024-03-10T07:33:31","guid":{"rendered":"http:\/\/mundopanama.com\/index\/?page_id=202"},"modified":"2024-03-10T07:36:40","modified_gmt":"2024-03-10T07:36:40","slug":"miacordeon","status":"publish","type":"page","link":"https:\/\/mundopanama.com\/index\/miacordeon\/","title":{"rendered":"Mi Acordeon"},"content":{"rendered":"<p>Mi Acorde\u00f3n Stereo 91.7 FM, Localizado en Calle 7a 55, David, Chiriqui, Panam\u00e1 \u201cLa que alegra tu vida\u201d es una emisora que enaltece nuestro folklor con programaci\u00f3n de m\u00fasica t\u00edpica y d\u00e9cima paname\u00f1a. Para  B. del Toro, Veraguas, Costa Bajo de Col\u00f3n.<br \/>\n<a href=\"https:\/\/miacordeonstereo.com\/\" target=\"_blank\" rel=\"noopener noreferrer\">https:\/\/miacordeonstereo.com\/<\/a>&#8212;<a href=\"https:\/\/www.instagram.com\/miacordeonstereo\/\" target=\"_blank\" rel=\"noopener noreferrer\">Instagram<\/a>&#8212;<a href=\"https:\/\/twitter.com\/MiAcordeonFM\" target=\"_blank\" rel=\"noopener noreferrer\">Twitter<\/a>&#8212;<a href=\"https:\/\/www.facebook.com\/Mi-Acorde%C3%B3n-Stereo-101792961294620\/\" target=\"_blank\" rel=\"noopener noreferrer\">Facebook<\/a><br \/>\nTelefono:(+507) 774-4335, WhatsApp (+507)6592-2116<\/p>\n<p><audio id=\"stream\" style=\"width: 300px;\" preload=\"none\" autoplay=\"autoplay\" controls=\"controls\"><source src=\"https:\/\/radios.host-pa.com:8030\/stream\" type=\"audio\/mpeg\"><\/audio><\/p>\n<p>Deja tu comentario.<br \/>\n<script src=\"http:\/\/connect.facebook.net\/en_GB\/all.js#xfbml=1\"><\/script><fb:comments width=\"650\" num_posts=\"50\" href=\"http:\/\/mundo-panama.com\/index\/miacordeonstereo\" colorscheme=\"light\"><\/fb:comments><\/p>\n","protected":false},"excerpt":{"rendered":"<p>Mi Acorde\u00f3n Stereo 91.7 FM, Localizado en Calle 7a 55, David, Chiriqui, Panam\u00e1 \u201cLa que alegra tu vida\u201d es una emisora que enaltece nuestro folklor con programaci\u00f3n de m\u00fasica t\u00edpica&hellip;<\/p>\n","protected":false},"author":1,"featured_media":0,"parent":0,"menu_order":0,"comment_status":"closed","ping_status":"closed","template":"","meta":{"footnotes":""},"class_list":["post-202","page","type-page","status-publish","hentry"],"_links":{"self":[{"href":"https:\/\/mundopanama.com\/index\/wp-json\/wp\/v2\/pages\/202","targetHints":{"allow":["GET"]}}],"collection":[{"href":"https:\/\/mundopanama.com\/index\/wp-json\/wp\/v2\/pages"}],"about":[{"href":"https:\/\/mundopanama.com\/index\/wp-json\/wp\/v2\/types\/page"}],"author":[{"embeddable":true,"href":"https:\/\/mundopanama.com\/index\/wp-json\/wp\/v2\/users\/1"}],"replies":[{"embeddable":true,"href":"https:\/\/mundopanama.com\/index\/wp-json\/wp\/v2\/comments?post=202"}],"version-history":[{"count":3,"href":"https:\/\/mundopanama.com\/index\/wp-json\/wp\/v2\/pages\/202\/revisions"}],"predecessor-version":[{"id":205,"href":"https:\/\/mundopanama.com\/index\/wp-json\/wp\/v2\/pages\/202\/revisions\/205"}],"wp:attachment":[{"href":"https:\/\/mundopanama.com\/index\/wp-json\/wp\/v2\/media?parent=202"}],"curies":[{"name":"wp","href":"https:\/\/api.w.org\/{rel}","templated":true}]}}