{"id":206,"date":"2024-03-10T07:44:43","date_gmt":"2024-03-10T07:44:43","guid":{"rendered":"http:\/\/mundopanama.com\/index\/?page_id=206"},"modified":"2025-08-17T04:51:21","modified_gmt":"2025-08-17T04:51:21","slug":"mifavorita","status":"publish","type":"page","link":"https:\/\/mundopanama.com\/index\/mifavorita\/","title":{"rendered":"Mi Favorita"},"content":{"rendered":"<p>Estas escuchando Mi Favorita 91.9 fm, desde el  Edificio Juana Marta, Calle Damian Carles, Penonom\u00e9,  Provincia de Cocl\u00e9, Panam\u00e1<br \/>\n <a href=\"https:\/\/mifavorita.com.pa\" target=\"_blank\" rel=\"noopener noreferrer\">Mi Favorita <\/a>&#8212;<a href=\"https:\/\/www.instagram.com\/mifavorita919\/\" target=\"_blank\" rel=\"noopener noreferrer\">Instagram <\/a>&#8212;<a href=\"https:\/\/es-la.facebook.com\/MiFavorita919\/\" target=\"_blank\" rel=\"noopener noreferrer\">Facebook<\/a>&#8212;<a href=\"https:\/\/twitter.com\/mifavorita919\" target=\"_blank\" rel=\"noopener noreferrer\">Twitter<\/a><br \/>\nTelefono 6429-8492 Opini\u00f3n P\u00fablica<br \/>\nWhasApp 6361-0557 Cabina (Saludos)<\/p>\n<p><iframe loading=\"lazy\" id=\"streamer\" src=\"https:\/\/radios.topchannelmedia.com:7032\/mifavorita\" scrolling=\"no\" marginheight=\"0\" marginwidth=\"0\" style=\"margin: 0; padding: 0;\" allowtransparency=\"true\" width=\"100\" height=\"150\" frameborder=\"0\"><\/iframe><\/p>\n","protected":false},"excerpt":{"rendered":"<p>Estas escuchando Mi Favorita 91.9 fm, desde el Edificio Juana Marta, Calle Damian Carles, Penonom\u00e9, Provincia de Cocl\u00e9, Panam\u00e1 Mi Favorita &#8212;Instagram &#8212;Facebook&#8212;Twitter Telefono 6429-8492 Opini\u00f3n P\u00fablica WhasApp 6361-0557 Cabina&hellip;<\/p>\n","protected":false},"author":1,"featured_media":0,"parent":0,"menu_order":0,"comment_status":"closed","ping_status":"closed","template":"","meta":{"footnotes":""},"class_list":["post-206","page","type-page","status-publish","hentry"],"_links":{"self":[{"href":"https:\/\/mundopanama.com\/index\/wp-json\/wp\/v2\/pages\/206","targetHints":{"allow":["GET"]}}],"collection":[{"href":"https:\/\/mundopanama.com\/index\/wp-json\/wp\/v2\/pages"}],"about":[{"href":"https:\/\/mundopanama.com\/index\/wp-json\/wp\/v2\/types\/page"}],"author":[{"embeddable":true,"href":"https:\/\/mundopanama.com\/index\/wp-json\/wp\/v2\/users\/1"}],"replies":[{"embeddable":true,"href":"https:\/\/mundopanama.com\/index\/wp-json\/wp\/v2\/comments?post=206"}],"version-history":[{"count":11,"href":"https:\/\/mundopanama.com\/index\/wp-json\/wp\/v2\/pages\/206\/revisions"}],"predecessor-version":[{"id":1014,"href":"https:\/\/mundopanama.com\/index\/wp-json\/wp\/v2\/pages\/206\/revisions\/1014"}],"wp:attachment":[{"href":"https:\/\/mundopanama.com\/index\/wp-json\/wp\/v2\/media?parent=206"}],"curies":[{"name":"wp","href":"https:\/\/api.w.org\/{rel}","templated":true}]}}