{"id":217,"date":"2024-03-10T08:05:55","date_gmt":"2024-03-10T08:05:55","guid":{"rendered":"http:\/\/mundopanama.com\/index\/?page_id=217"},"modified":"2025-08-10T04:26:30","modified_gmt":"2025-08-10T04:26:30","slug":"nacionalfm","status":"publish","type":"page","link":"https:\/\/mundopanama.com\/index\/nacionalfm\/","title":{"rendered":"Nacional fm"},"content":{"rendered":"<p>ESTAS ESCUCHANDO NACIONAL FM 101.7 desde Panama. 92.5 Chiriqu\u00ed y Bocas Del Toro,100.3, Provincias Centrales,101.7 Panam\u00e1, Col\u00f3ny Dari\u00e9n <a href=\"https:\/\/sertv.gob.pa\/nacionalfm\/en-directo\/\" target=\"_blank\" rel=\"noopener noreferrer\">https:\/\/sertv.gob.pa\/nacionalfm\/en-directo\/<\/a><br \/>\nCabina de Nacional FM: 504-2142 \u00b7 504-2143-Central Telef\u00f3nica: 504-2134&#8212;<a href=\"https:\/\/twitter.com\/nacionalfm\" target=\"_blank\" rel=\"noopener noreferrer\">Twitter<\/a><br \/>\nLocalizado en Sistema Estatal de Radio y Televisi\u00f3n, Avenida Dulcidio Gonz\u00e1lez, Panam\u00e1. Apartado Postal: 0843-0256 <\/p>\n<p><audio id=\"stream\" style=\"width: 300px;\" preload=\"none\" autoplay=\"autoplay\" controls=\"controls\"><source src=\"https:\/\/pcbrothers.net\/listen\/nacionalfm\/nacionalfm\" type=\"audio\/mpeg\"><\/audio><br \/>\nDEJA TU COMENTARIO.<br \/>\n<script src=\"http:\/\/connect.facebook.net\/en_GB\/all.js#xfbml=1\"><\/script><fb:comments width=\"650\" num_posts=\"50\" href=\"http:\/\/mundo-panama.com\/index\/nacionalfm\" colorscheme=\"light\"><\/fb:comments><\/p>\n","protected":false},"excerpt":{"rendered":"<p>ESTAS ESCUCHANDO NACIONAL FM 101.7 desde Panama. 92.5 Chiriqu\u00ed y Bocas Del Toro,100.3, Provincias Centrales,101.7 Panam\u00e1, Col\u00f3ny Dari\u00e9n https:\/\/sertv.gob.pa\/nacionalfm\/en-directo\/ Cabina de Nacional FM: 504-2142 \u00b7 504-2143-Central Telef\u00f3nica: 504-2134&#8212;Twitter Localizado en&hellip;<\/p>\n","protected":false},"author":1,"featured_media":0,"parent":0,"menu_order":0,"comment_status":"closed","ping_status":"closed","template":"","meta":{"footnotes":""},"class_list":["post-217","page","type-page","status-publish","hentry"],"_links":{"self":[{"href":"https:\/\/mundopanama.com\/index\/wp-json\/wp\/v2\/pages\/217","targetHints":{"allow":["GET"]}}],"collection":[{"href":"https:\/\/mundopanama.com\/index\/wp-json\/wp\/v2\/pages"}],"about":[{"href":"https:\/\/mundopanama.com\/index\/wp-json\/wp\/v2\/types\/page"}],"author":[{"embeddable":true,"href":"https:\/\/mundopanama.com\/index\/wp-json\/wp\/v2\/users\/1"}],"replies":[{"embeddable":true,"href":"https:\/\/mundopanama.com\/index\/wp-json\/wp\/v2\/comments?post=217"}],"version-history":[{"count":4,"href":"https:\/\/mundopanama.com\/index\/wp-json\/wp\/v2\/pages\/217\/revisions"}],"predecessor-version":[{"id":857,"href":"https:\/\/mundopanama.com\/index\/wp-json\/wp\/v2\/pages\/217\/revisions\/857"}],"wp:attachment":[{"href":"https:\/\/mundopanama.com\/index\/wp-json\/wp\/v2\/media?parent=217"}],"curies":[{"name":"wp","href":"https:\/\/api.w.org\/{rel}","templated":true}]}}