{"id":228,"date":"2024-03-10T08:22:18","date_gmt":"2024-03-10T08:22:18","guid":{"rendered":"http:\/\/mundopanama.com\/index\/?page_id=228"},"modified":"2024-03-10T08:30:23","modified_gmt":"2024-03-10T08:30:23","slug":"omegastereo","status":"publish","type":"page","link":"https:\/\/mundopanama.com\/index\/omegastereo\/","title":{"rendered":"Omega Stereo"},"content":{"rendered":"<p>Estas escuchando <a href=\"http:\/\/omegastereo.com\/\" target=\"_blank\" rel=\"noopener noreferrer\">Omega Stereo <\/a> 107.3,  107.5 cubriendo todo el pais.  <a href=\"https:\/\/www.facebook.com\/omegastereo1073?fref=ts\" target=\"_blank\" rel=\"noopener noreferrer\">Facebook<\/a>&#8212;<a href=\"https:\/\/twitter.com\/omegastereo1073\" target=\"_blank\" rel=\"noopener noreferrer\">Twitter<\/a><br \/>\nUbicado en:Cl G El Cangrejo Edificio Don Isaac Panam\u00e1, Panam\u00e1<br \/>\nTel\u00e9fono: (507) 264-9145<br \/>\n<audio src=\"https:\/\/www.streaming507.net:8048\/stream\" controls=\"controls\" type=\"audio\/mpeg\" preload=\"preload\"><br \/>\n<\/audio><\/p>\n<p>DEJA TU COMENTARIO.<br \/>\n<script src=\"http:\/\/connect.facebook.net\/en_GB\/all.js#xfbml=1\"><\/script><fb:comments width=\"650\" num_posts=\"50\" href=\"http:\/\/mundo-panama.com\/index\/omegastereo\/\" colorscheme=\"light\"><\/fb:comments><\/p>\n","protected":false},"excerpt":{"rendered":"<p>Estas escuchando Omega Stereo 107.3, 107.5 cubriendo todo el pais. Facebook&#8212;Twitter Ubicado en:Cl G El Cangrejo Edificio Don Isaac Panam\u00e1, Panam\u00e1 Tel\u00e9fono: (507) 264-9145 DEJA TU COMENTARIO.<\/p>\n","protected":false},"author":1,"featured_media":0,"parent":0,"menu_order":0,"comment_status":"closed","ping_status":"closed","template":"","meta":{"footnotes":""},"class_list":["post-228","page","type-page","status-publish","hentry"],"_links":{"self":[{"href":"https:\/\/mundopanama.com\/index\/wp-json\/wp\/v2\/pages\/228","targetHints":{"allow":["GET"]}}],"collection":[{"href":"https:\/\/mundopanama.com\/index\/wp-json\/wp\/v2\/pages"}],"about":[{"href":"https:\/\/mundopanama.com\/index\/wp-json\/wp\/v2\/types\/page"}],"author":[{"embeddable":true,"href":"https:\/\/mundopanama.com\/index\/wp-json\/wp\/v2\/users\/1"}],"replies":[{"embeddable":true,"href":"https:\/\/mundopanama.com\/index\/wp-json\/wp\/v2\/comments?post=228"}],"version-history":[{"count":2,"href":"https:\/\/mundopanama.com\/index\/wp-json\/wp\/v2\/pages\/228\/revisions"}],"predecessor-version":[{"id":231,"href":"https:\/\/mundopanama.com\/index\/wp-json\/wp\/v2\/pages\/228\/revisions\/231"}],"wp:attachment":[{"href":"https:\/\/mundopanama.com\/index\/wp-json\/wp\/v2\/media?parent=228"}],"curies":[{"name":"wp","href":"https:\/\/api.w.org\/{rel}","templated":true}]}}