{"id":261,"date":"2024-03-19T07:54:56","date_gmt":"2024-03-19T07:54:56","guid":{"rendered":"http:\/\/mundopanama.com\/index\/?page_id=261"},"modified":"2024-03-19T07:54:56","modified_gmt":"2024-03-19T07:54:56","slug":"quebuena-88-7","status":"publish","type":"page","link":"https:\/\/mundopanama.com\/index\/quebuena-88-7\/","title":{"rendered":"quebuena 88.7"},"content":{"rendered":"<p>Estas escuchando <a href=\"http:\/\/quebuena.com.pa\/\" target=\"_blank\" rel=\"noopener noreferrer\">Que Buena<\/a> 88.7 fm desde Chitre Herrera. <a href=\"https:\/\/twitter.com\/QueBuena507\" target=\"_blank\" rel=\"noopener noreferrer\">Twitter<\/a>&#8212;-<a href=\"https:\/\/www.facebook.com\/quebuena507\" target=\"_blank\" rel=\"noopener noreferrer\">Facebook<\/a><br \/>\nDireccion: Calle Manuel Mar\u00eda Correa Final Chitr\u00e9 Provincia de Herrera.<br \/>\nRep. De Panam\u00e1<br \/>\nWhatsup:+ (507) 6060 0035 Telefonos: 910-1335, 970-1093<br \/>\n<iframe loading=\"lazy\" src=\"https:\/\/streaming507.com\/players\/html5\/quebuena\/\" style=\"border:0px #ffffff none;\" name=\"myiFrame\" scrolling=\"no\" marginheight=\"0px\" marginwidth=\"0px\" allowfullscreen=\"\" width=\"600px\" height=\"100px\" frameborder=\"0\"><\/iframe><\/p>\n<p>Deja tu comentario.<br \/>\n<script src=\"http:\/\/connect.facebook.net\/en_GB\/all.js#xfbml=1\"><\/script><fb:comments width=\"650\" num_posts=\"50\" href=\"http:\/\/mundo-panama.com\/index\/quebuena\/\" colorscheme=\"light\"><\/fb:comments><\/p>\n","protected":false},"excerpt":{"rendered":"<p>Estas escuchando Que Buena 88.7 fm desde Chitre Herrera. Twitter&#8212;-Facebook Direccion: Calle Manuel Mar\u00eda Correa Final Chitr\u00e9 Provincia de Herrera. Rep. De Panam\u00e1 Whatsup:+ (507) 6060 0035 Telefonos: 910-1335, 970-1093&hellip;<\/p>\n","protected":false},"author":1,"featured_media":0,"parent":0,"menu_order":0,"comment_status":"closed","ping_status":"closed","template":"","meta":{"footnotes":""},"class_list":["post-261","page","type-page","status-publish","hentry"],"_links":{"self":[{"href":"https:\/\/mundopanama.com\/index\/wp-json\/wp\/v2\/pages\/261","targetHints":{"allow":["GET"]}}],"collection":[{"href":"https:\/\/mundopanama.com\/index\/wp-json\/wp\/v2\/pages"}],"about":[{"href":"https:\/\/mundopanama.com\/index\/wp-json\/wp\/v2\/types\/page"}],"author":[{"embeddable":true,"href":"https:\/\/mundopanama.com\/index\/wp-json\/wp\/v2\/users\/1"}],"replies":[{"embeddable":true,"href":"https:\/\/mundopanama.com\/index\/wp-json\/wp\/v2\/comments?post=261"}],"version-history":[{"count":1,"href":"https:\/\/mundopanama.com\/index\/wp-json\/wp\/v2\/pages\/261\/revisions"}],"predecessor-version":[{"id":262,"href":"https:\/\/mundopanama.com\/index\/wp-json\/wp\/v2\/pages\/261\/revisions\/262"}],"wp:attachment":[{"href":"https:\/\/mundopanama.com\/index\/wp-json\/wp\/v2\/media?parent=261"}],"curies":[{"name":"wp","href":"https:\/\/api.w.org\/{rel}","templated":true}]}}