{"id":267,"date":"2024-03-19T08:03:06","date_gmt":"2024-03-19T08:03:06","guid":{"rendered":"http:\/\/mundopanama.com\/index\/?page_id=267"},"modified":"2024-03-19T08:03:18","modified_gmt":"2024-03-19T08:03:18","slug":"radio10","status":"publish","type":"page","link":"https:\/\/mundopanama.com\/index\/radio10\/","title":{"rendered":"Radio 10"},"content":{"rendered":"<p>Estas escuchando <a href=\"http:\/\/www.radio10pty.com\/\" target=\"_blank\" rel=\"noopener noreferrer\">Radio 10<\/a> Panama 88.1 fm.&#8212;&#8211; <a href=\"https:\/\/www.facebook.com\/Radio10pty\" target=\"_blank\" rel=\"noopener noreferrer\">Facebook<\/a><br \/>\nDirecci\u00f3n: Bethania avenida 21 c norte casa 31 B Ciudad Panam\u00e1.<br \/>\nTel\u00e9fonos: +507 2369981 | 3964624 | 3964625 | 2369981 | 69324486<br \/>\n<audio id=\"stream\" style=\"width: 300px;\" preload=\"none\" autoplay=\"autoplay\" controls=\"controls\"><source src=\"https:\/\/s3.voscast.com:8607\/live\" type=\"audio\/mpeg\"><\/audio><\/p>\n<p>Deja tu mensaje.<br \/>\n<script src=\"http:\/\/connect.facebook.net\/en_GB\/all.js#xfbml=1\"><\/script><fb:comments width=\"650\" num_posts=\"50\" href=\"http:\/\/mundo-panama.com\/index\/radio10\" colorscheme=\"light\"><\/fb:comments><\/p>\n","protected":false},"excerpt":{"rendered":"<p>Estas escuchando Radio 10 Panama 88.1 fm.&#8212;&#8211; Facebook Direcci\u00f3n: Bethania avenida 21 c norte casa 31 B Ciudad Panam\u00e1. Tel\u00e9fonos: +507 2369981 | 3964624 | 3964625 | 2369981 | 69324486&hellip;<\/p>\n","protected":false},"author":1,"featured_media":0,"parent":0,"menu_order":0,"comment_status":"closed","ping_status":"closed","template":"","meta":{"footnotes":""},"class_list":["post-267","page","type-page","status-publish","hentry"],"_links":{"self":[{"href":"https:\/\/mundopanama.com\/index\/wp-json\/wp\/v2\/pages\/267","targetHints":{"allow":["GET"]}}],"collection":[{"href":"https:\/\/mundopanama.com\/index\/wp-json\/wp\/v2\/pages"}],"about":[{"href":"https:\/\/mundopanama.com\/index\/wp-json\/wp\/v2\/types\/page"}],"author":[{"embeddable":true,"href":"https:\/\/mundopanama.com\/index\/wp-json\/wp\/v2\/users\/1"}],"replies":[{"embeddable":true,"href":"https:\/\/mundopanama.com\/index\/wp-json\/wp\/v2\/comments?post=267"}],"version-history":[{"count":2,"href":"https:\/\/mundopanama.com\/index\/wp-json\/wp\/v2\/pages\/267\/revisions"}],"predecessor-version":[{"id":269,"href":"https:\/\/mundopanama.com\/index\/wp-json\/wp\/v2\/pages\/267\/revisions\/269"}],"wp:attachment":[{"href":"https:\/\/mundopanama.com\/index\/wp-json\/wp\/v2\/media?parent=267"}],"curies":[{"name":"wp","href":"https:\/\/api.w.org\/{rel}","templated":true}]}}