{"id":270,"date":"2024-03-19T08:06:34","date_gmt":"2024-03-19T08:06:34","guid":{"rendered":"http:\/\/mundopanama.com\/index\/?page_id=270"},"modified":"2024-03-19T08:09:43","modified_gmt":"2024-03-19T08:09:43","slug":"radioancon","status":"publish","type":"page","link":"https:\/\/mundopanama.com\/index\/radioancon\/","title":{"rendered":"Radio Ancon"},"content":{"rendered":"<p>Estas escuchando Radio Ancon 1040 el poder informativo de Panama.<a href=\"https:\/\/radioancon.com\" target=\"_blank\" rel=\"noopener noreferrer\">https:\/\/radioancon.com<\/a>&#8212;<a href=\"https:\/\/www.instagram.com\/radioanconpa\/\" target=\"_blank\" rel=\"noopener noreferrer\">Instagram<\/a>&#8212;<a href=\"https:\/\/www.facebook.com\/radioanconpa\/\" target=\"_blank\" rel=\"noopener noreferrer\">Facebook<\/a>&#8212;<a href=\"https:\/\/twitter.com\/radioanconpa\" target=\"_blank\" rel=\"noopener noreferrer\">Twitter<\/a><br \/>\nCobertura Nacional: Panam\u00e1, Bocas del Toro, Chiriqu\u00ed 92.1 FM | Provincias centrales 92.3 FM | Col\u00f3n 102.7 FM | Dari\u00e9n 100.3 FM | Panam\u00e1 1020 AM<br \/>\nWhatsApp (507) 6203-7033 | Tels. (507) 264-2470 \/ 264-4276.<\/p>\n<p><audio id=\"stream\" style=\"width: 300px;\" preload=\"none\" autoplay=\"autoplay\" controls=\"controls\"><source src=\"https:\/\/www.streaming507.net:8144\/stream\" type=\"audio\/mpeg\"><\/audio><\/p>\n<p><a href=\"https:\/\/twitter.com\/radioanconpa\" target=\"_blank\" rel=\"noopener noreferrer\"><iframe loading=\"lazy\" id=\"streamer\" src=\"https:\/\/www.streaming507.com\/players\/anconvideo\/index.html\" scrolling=\"no\" marginheight=\"0\" marginwidth=\"0\" style=\"margin: 0; padding: 0;\" allowtransparency=\"true\" width=\"650\" height=\"300\" frameborder=\"0\"><\/iframe><\/a><\/p>\n<p><a href=\"https:\/\/twitter.com\/radioanconpa\" target=\"_blank\" rel=\"noopener noreferrer\">DEJA TU COMENTARIO.<br \/>\n<script src=\"http:\/\/connect.facebook.net\/en_GB\/all.js#xfbml=1\"><\/script><fb:comments width=\"650\" num_posts=\"50\" href=\"http:\/\/mundo-panama.com\/index\/radioancon\/\" colorscheme=\"light\"><\/fb:comments><\/p>\n","protected":false},"excerpt":{"rendered":"<p>Estas escuchando Radio Ancon 1040 el poder informativo de Panama.https:\/\/radioancon.com&#8212;Instagram&#8212;Facebook&#8212;Twitter Cobertura Nacional: Panam\u00e1, Bocas del Toro, Chiriqu\u00ed 92.1 FM | Provincias centrales 92.3 FM | Col\u00f3n 102.7 FM | Dari\u00e9n&hellip;<\/p>\n","protected":false},"author":1,"featured_media":0,"parent":0,"menu_order":0,"comment_status":"closed","ping_status":"closed","template":"","meta":{"footnotes":""},"class_list":["post-270","page","type-page","status-publish","hentry"],"_links":{"self":[{"href":"https:\/\/mundopanama.com\/index\/wp-json\/wp\/v2\/pages\/270","targetHints":{"allow":["GET"]}}],"collection":[{"href":"https:\/\/mundopanama.com\/index\/wp-json\/wp\/v2\/pages"}],"about":[{"href":"https:\/\/mundopanama.com\/index\/wp-json\/wp\/v2\/types\/page"}],"author":[{"embeddable":true,"href":"https:\/\/mundopanama.com\/index\/wp-json\/wp\/v2\/users\/1"}],"replies":[{"embeddable":true,"href":"https:\/\/mundopanama.com\/index\/wp-json\/wp\/v2\/comments?post=270"}],"version-history":[{"count":4,"href":"https:\/\/mundopanama.com\/index\/wp-json\/wp\/v2\/pages\/270\/revisions"}],"predecessor-version":[{"id":274,"href":"https:\/\/mundopanama.com\/index\/wp-json\/wp\/v2\/pages\/270\/revisions\/274"}],"wp:attachment":[{"href":"https:\/\/mundopanama.com\/index\/wp-json\/wp\/v2\/media?parent=270"}],"curies":[{"name":"wp","href":"https:\/\/api.w.org\/{rel}","templated":true}]}}