{"id":398,"date":"2024-03-21T07:54:13","date_gmt":"2024-03-21T07:54:13","guid":{"rendered":"http:\/\/mundopanama.com\/index\/?page_id=398"},"modified":"2025-04-29T02:29:04","modified_gmt":"2025-04-29T02:29:04","slug":"radiomials","status":"publish","type":"page","link":"https:\/\/mundopanama.com\/index\/radiomials\/","title":{"rendered":"Radio Mia Los Santos"},"content":{"rendered":"<p>Estas escuchando Radio Mia 920 am, Los Santos.<br \/>\n<a href=\"http:\/\/www.radiomia920.com\/\" target=\"_blank\" rel=\"noopener noreferrer\">http:\/\/www.radiomia920.com\/<\/a> <a href=\"https:\/\/twitter.com\/Radiomia\" target=\"_blank\" rel=\"noopener noreferrer\">Twitter<\/a> Localizado en: La Villa de Los Santos, Calle Sergio Gonz\u00e1lez Ruiz. Rep. de Panam\u00e1. Los Santos, Panam\u00e1.<br \/>\nTelefono +(507)966-9318 \/ (+507) 966-8700<\/p>\n<p><audio src=\"https:\/\/sonic.globalstream.pro\/8042\/stream\" controls=\"controls\" type=\"audio\/mpeg\" preload=\"preload\"><\/audio><\/p>\n<p>DEJA TU COMENTARIO.<br \/>\n<script src=\"http:\/\/connect.facebook.net\/en_GB\/all.js#xfbml=1\"><\/script><fb:comments width=\"650\" num_posts=\"50\" href=\"http:\/\/mundo-panama.com\/index\/radio-mia-los-santos\" colorscheme=\"light\"><\/fb:comments><\/p>\n","protected":false},"excerpt":{"rendered":"<p>Estas escuchando Radio Mia 920 am, Los Santos. http:\/\/www.radiomia920.com\/ Twitter Localizado en: La Villa de Los Santos, Calle Sergio Gonz\u00e1lez Ruiz. Rep. de Panam\u00e1. Los Santos, Panam\u00e1. Telefono +(507)966-9318 \/&hellip;<\/p>\n","protected":false},"author":1,"featured_media":0,"parent":0,"menu_order":0,"comment_status":"closed","ping_status":"closed","template":"","meta":{"footnotes":""},"class_list":["post-398","page","type-page","status-publish","hentry"],"_links":{"self":[{"href":"https:\/\/mundopanama.com\/index\/wp-json\/wp\/v2\/pages\/398","targetHints":{"allow":["GET"]}}],"collection":[{"href":"https:\/\/mundopanama.com\/index\/wp-json\/wp\/v2\/pages"}],"about":[{"href":"https:\/\/mundopanama.com\/index\/wp-json\/wp\/v2\/types\/page"}],"author":[{"embeddable":true,"href":"https:\/\/mundopanama.com\/index\/wp-json\/wp\/v2\/users\/1"}],"replies":[{"embeddable":true,"href":"https:\/\/mundopanama.com\/index\/wp-json\/wp\/v2\/comments?post=398"}],"version-history":[{"count":4,"href":"https:\/\/mundopanama.com\/index\/wp-json\/wp\/v2\/pages\/398\/revisions"}],"predecessor-version":[{"id":816,"href":"https:\/\/mundopanama.com\/index\/wp-json\/wp\/v2\/pages\/398\/revisions\/816"}],"wp:attachment":[{"href":"https:\/\/mundopanama.com\/index\/wp-json\/wp\/v2\/media?parent=398"}],"curies":[{"name":"wp","href":"https:\/\/api.w.org\/{rel}","templated":true}]}}