{"id":406,"date":"2024-03-21T08:15:07","date_gmt":"2024-03-21T08:15:07","guid":{"rendered":"http:\/\/mundopanama.com\/index\/?page_id=406"},"modified":"2024-03-21T08:15:31","modified_gmt":"2024-03-21T08:15:31","slug":"radiopanama","status":"publish","type":"page","link":"https:\/\/mundopanama.com\/index\/radiopanama\/","title":{"rendered":"Radio Panama"},"content":{"rendered":"<p>Estas escuchando RADIO PANAMA 94.5 fm<br \/>\n<a href=\"https:\/\/player.radiopanama.com.pa\/\" target=\"_blank\" rel=\"noopener noreferrer\">https:\/\/player.radiopanama.com.pa\/<\/a><br \/>\nLocalizado en :  V\u00eda Espa\u00f1a, El Cangrejo, Bella Vista, Edificio P. H. Plaza Regency, Piso 15 y 17, Panam\u00e1.<br \/>\nTelefono : 378-2711 &#8211; 378-2712 &#8211; 378-2713 &#8211; 378-2714<\/p>\n<p><audio id=\"stream\" style=\"width: 300px;\" preload=\"none\" autoplay=\"autoplay\" controls=\"controls\"><source src=\"https:\/\/streaming.radiopanama.com.pa\/stream\" type=\"audio\/mpeg\"><\/audio><\/p>\n<p>DEJA TU COMENTARIO<br \/>\n<script src=\"http:\/\/connect.facebook.net\/en_GB\/all.js#xfbml=1\"><\/script><fb:comments width=\"650\" num_posts=\"50\" href=\"https:\/\/mundopanama.com\/index\/radiopanama\" colorscheme=\"light\"><\/fb:comments><\/p>\n","protected":false},"excerpt":{"rendered":"<p>Estas escuchando RADIO PANAMA 94.5 fm https:\/\/player.radiopanama.com.pa\/ Localizado en : V\u00eda Espa\u00f1a, El Cangrejo, Bella Vista, Edificio P. H. Plaza Regency, Piso 15 y 17, Panam\u00e1. Telefono : 378-2711 &#8211;&hellip;<\/p>\n","protected":false},"author":1,"featured_media":0,"parent":0,"menu_order":0,"comment_status":"closed","ping_status":"closed","template":"","meta":{"footnotes":""},"class_list":["post-406","page","type-page","status-publish","hentry"],"_links":{"self":[{"href":"https:\/\/mundopanama.com\/index\/wp-json\/wp\/v2\/pages\/406","targetHints":{"allow":["GET"]}}],"collection":[{"href":"https:\/\/mundopanama.com\/index\/wp-json\/wp\/v2\/pages"}],"about":[{"href":"https:\/\/mundopanama.com\/index\/wp-json\/wp\/v2\/types\/page"}],"author":[{"embeddable":true,"href":"https:\/\/mundopanama.com\/index\/wp-json\/wp\/v2\/users\/1"}],"replies":[{"embeddable":true,"href":"https:\/\/mundopanama.com\/index\/wp-json\/wp\/v2\/comments?post=406"}],"version-history":[{"count":2,"href":"https:\/\/mundopanama.com\/index\/wp-json\/wp\/v2\/pages\/406\/revisions"}],"predecessor-version":[{"id":408,"href":"https:\/\/mundopanama.com\/index\/wp-json\/wp\/v2\/pages\/406\/revisions\/408"}],"wp:attachment":[{"href":"https:\/\/mundopanama.com\/index\/wp-json\/wp\/v2\/media?parent=406"}],"curies":[{"name":"wp","href":"https:\/\/api.w.org\/{rel}","templated":true}]}}