{"id":422,"date":"2024-03-22T08:12:54","date_gmt":"2024-03-22T08:12:54","guid":{"rendered":"http:\/\/mundopanama.com\/index\/?page_id=422"},"modified":"2024-10-31T07:10:25","modified_gmt":"2024-10-31T07:10:25","slug":"radioreforma","status":"publish","type":"page","link":"https:\/\/mundopanama.com\/index\/radioreforma\/","title":{"rendered":"Radio Reforma"},"content":{"rendered":"<p>Estas escuchando <a href=\"http:\/\/www.radioreformaseoye.com\/\" target=\"_blank\" rel=\"noopener noreferrer\">Radio Reforma se oye<\/a>.&#8212;<a href=\"https:\/\/twitter.com\/reformaseoye\" target=\"_blank\" rel=\"noopener noreferrer\">Twitter<\/a>&#8212;<a href=\"https:\/\/www.facebook.com\/pages\/Radio-Reforma-Se-Oye-HD\/459429487504654\" target=\"_blank\" rel=\"noopener noreferrer\">Facebook<\/a><\/p>\n<p>ubicadas en Plaza Do\u00f1a Sara, Ave. Julio Arjona y Antonio Burgos, Chitr\u00e9, Herrera, Rep. de Panam\u00e1<br \/>\nTel\u00e9fonos: 996-4171, 996-4223, 996-2557 .<\/p>\n<p><audio id=\"stream\" style=\"width: 300px;\" preload=\"none\" autoplay=\"autoplay\" controls=\"controls\"><source src=\"https:\/\/www.streaming507.net:8072\/stream\" type=\"audio\/mpeg\"><\/audio><\/p>\n<p>DEJA TU COMENTARIO<br \/>\n<script src=\"http:\/\/connect.facebook.net\/en_GB\/all.js#xfbml=1\"><\/script><fb:comments width=\"650\" num_posts=\"50\" href=\"https:\/\/mundopanama.com\/index\/radioreforma\" colorscheme=\"light\"><\/fb:comments><\/p>\n","protected":false},"excerpt":{"rendered":"<p>Estas escuchando Radio Reforma se oye.&#8212;Twitter&#8212;Facebook ubicadas en Plaza Do\u00f1a Sara, Ave. Julio Arjona y Antonio Burgos, Chitr\u00e9, Herrera, Rep. de Panam\u00e1 Tel\u00e9fonos: 996-4171, 996-4223, 996-2557 . DEJA TU COMENTARIO<\/p>\n","protected":false},"author":1,"featured_media":0,"parent":0,"menu_order":0,"comment_status":"closed","ping_status":"closed","template":"","meta":{"footnotes":""},"class_list":["post-422","page","type-page","status-publish","hentry"],"_links":{"self":[{"href":"https:\/\/mundopanama.com\/index\/wp-json\/wp\/v2\/pages\/422","targetHints":{"allow":["GET"]}}],"collection":[{"href":"https:\/\/mundopanama.com\/index\/wp-json\/wp\/v2\/pages"}],"about":[{"href":"https:\/\/mundopanama.com\/index\/wp-json\/wp\/v2\/types\/page"}],"author":[{"embeddable":true,"href":"https:\/\/mundopanama.com\/index\/wp-json\/wp\/v2\/users\/1"}],"replies":[{"embeddable":true,"href":"https:\/\/mundopanama.com\/index\/wp-json\/wp\/v2\/comments?post=422"}],"version-history":[{"count":8,"href":"https:\/\/mundopanama.com\/index\/wp-json\/wp\/v2\/pages\/422\/revisions"}],"predecessor-version":[{"id":683,"href":"https:\/\/mundopanama.com\/index\/wp-json\/wp\/v2\/pages\/422\/revisions\/683"}],"wp:attachment":[{"href":"https:\/\/mundopanama.com\/index\/wp-json\/wp\/v2\/media?parent=422"}],"curies":[{"name":"wp","href":"https:\/\/api.w.org\/{rel}","templated":true}]}}