{"id":433,"date":"2024-03-22T08:43:39","date_gmt":"2024-03-22T08:43:39","guid":{"rendered":"http:\/\/mundopanama.com\/index\/?page_id=433"},"modified":"2024-10-12T13:38:40","modified_gmt":"2024-10-12T13:38:40","slug":"radiosonora","status":"publish","type":"page","link":"https:\/\/mundopanama.com\/index\/radiosonora\/","title":{"rendered":"Radio Sonora"},"content":{"rendered":"<p>Estas escuchando Radio Sonora 1120 am.<br \/>\n<a href=\"http:\/\/www.sonora1120.com\" target=\"_blank\" rel=\"noopener noreferrer\">http:\/\/www.sonora1120.com<\/a> Con  cobertura en Panam\u00e1, Col\u00f3n, Dari\u00e9n, Cocl\u00e9, Los Santos y Herrera.<\/p>\n<p>Para device, celular, android; espera unos segundos hasta que se cargue la senal.<br \/>\n<audio id=\"stream\" style=\"width: 300px;\" preload=\"none\" autoplay=\"autoplay\" controls=\"controls\"><source src=\"https:\/\/s30.myradiostream.com:20827\/stream\" type=\"audio\/mpeg\"><\/audio><\/p>\n<p>DEJA TU COMENTARIO.<br \/>\n<script src=\"http:\/\/connect.facebook.net\/en_GB\/all.js#xfbml=1\"><\/script><fb:comments width=\"650\" num_posts=\"50\" href=\"http:\/\/mundo-panama.com\/index\/radio-sonora\" colorscheme=\"light\"><\/fb:comments><\/p>\n","protected":false},"excerpt":{"rendered":"<p>Estas escuchando Radio Sonora 1120 am. http:\/\/www.sonora1120.com Con cobertura en Panam\u00e1, Col\u00f3n, Dari\u00e9n, Cocl\u00e9, Los Santos y Herrera. Para device, celular, android; espera unos segundos hasta que se cargue la&hellip;<\/p>\n","protected":false},"author":1,"featured_media":0,"parent":0,"menu_order":0,"comment_status":"closed","ping_status":"closed","template":"","meta":{"footnotes":""},"class_list":["post-433","page","type-page","status-publish","hentry"],"_links":{"self":[{"href":"https:\/\/mundopanama.com\/index\/wp-json\/wp\/v2\/pages\/433","targetHints":{"allow":["GET"]}}],"collection":[{"href":"https:\/\/mundopanama.com\/index\/wp-json\/wp\/v2\/pages"}],"about":[{"href":"https:\/\/mundopanama.com\/index\/wp-json\/wp\/v2\/types\/page"}],"author":[{"embeddable":true,"href":"https:\/\/mundopanama.com\/index\/wp-json\/wp\/v2\/users\/1"}],"replies":[{"embeddable":true,"href":"https:\/\/mundopanama.com\/index\/wp-json\/wp\/v2\/comments?post=433"}],"version-history":[{"count":9,"href":"https:\/\/mundopanama.com\/index\/wp-json\/wp\/v2\/pages\/433\/revisions"}],"predecessor-version":[{"id":556,"href":"https:\/\/mundopanama.com\/index\/wp-json\/wp\/v2\/pages\/433\/revisions\/556"}],"wp:attachment":[{"href":"https:\/\/mundopanama.com\/index\/wp-json\/wp\/v2\/media?parent=433"}],"curies":[{"name":"wp","href":"https:\/\/api.w.org\/{rel}","templated":true}]}}