{"id":436,"date":"2024-03-22T08:48:12","date_gmt":"2024-03-22T08:48:12","guid":{"rendered":"http:\/\/mundopanama.com\/index\/?page_id=436"},"modified":"2024-03-22T08:49:17","modified_gmt":"2024-03-22T08:49:17","slug":"radiouniversidad","status":"publish","type":"page","link":"https:\/\/mundopanama.com\/index\/radiouniversidad\/","title":{"rendered":"Radio Universidad"},"content":{"rendered":"<p>Estas escuchando Radio Stereo Universidad 107.7 fm Panama.<br \/>\n<a href=\"https:\/\/radioestereo.up.ac.pa\/\" target=\"_blank\" rel=\"noopener noreferrer\">https:\/\/radioestereo.up.ac.pa\/<\/a><br \/>\nUbicado en :UNIVERSIDAD DE PANAM\u00c1, V\u00eda Sim\u00f3n Bol\u00edvar(Trans\u00edstmica) con la intercepci\u00f3n de la V\u00eda Manuel Espinoza Batista y Jos\u00e9 De F\u00e1brega.<br \/>\n<a href=\"https:\/\/www.facebook.com\/radioupestereo\/\" target=\"_blank\" rel=\"noopener noreferrer\">Facebook<\/a>&#8212;<a href=\"https:\/\/twitter.com\/radioupestereo\" target=\"_blank\" rel=\"noopener noreferrer\">Twitter<\/a>&#8212;<a href=\"https:\/\/www.instagram.com\/radioupestereo\/\" target=\"_blank\" rel=\"noopener noreferrer\">instagram<\/a><\/p>\n<p><audio src=\"http:\/\/upradio.up.ac.pa:8000\/audio\" controls=\"controls\" type=\"audio\/mpeg\" preload=\"preload\"><br \/>\n<\/audio><br \/>\n<script src=\"http:\/\/connect.facebook.net\/en_GB\/all.js#xfbml=1\"><\/script><fb:comments width=\"650\" num_posts=\"50\" href=\"https:\/\/mundopanama.com\/index\/universidad\" colorscheme=\"light\"><\/fb:comments><\/p>\n","protected":false},"excerpt":{"rendered":"<p>Estas escuchando Radio Stereo Universidad 107.7 fm Panama. https:\/\/radioestereo.up.ac.pa\/ Ubicado en :UNIVERSIDAD DE PANAM\u00c1, V\u00eda Sim\u00f3n Bol\u00edvar(Trans\u00edstmica) con la intercepci\u00f3n de la V\u00eda Manuel Espinoza Batista y Jos\u00e9 De F\u00e1brega.&hellip;<\/p>\n","protected":false},"author":1,"featured_media":0,"parent":0,"menu_order":0,"comment_status":"closed","ping_status":"closed","template":"","meta":{"footnotes":""},"class_list":["post-436","page","type-page","status-publish","hentry"],"_links":{"self":[{"href":"https:\/\/mundopanama.com\/index\/wp-json\/wp\/v2\/pages\/436","targetHints":{"allow":["GET"]}}],"collection":[{"href":"https:\/\/mundopanama.com\/index\/wp-json\/wp\/v2\/pages"}],"about":[{"href":"https:\/\/mundopanama.com\/index\/wp-json\/wp\/v2\/types\/page"}],"author":[{"embeddable":true,"href":"https:\/\/mundopanama.com\/index\/wp-json\/wp\/v2\/users\/1"}],"replies":[{"embeddable":true,"href":"https:\/\/mundopanama.com\/index\/wp-json\/wp\/v2\/comments?post=436"}],"version-history":[{"count":3,"href":"https:\/\/mundopanama.com\/index\/wp-json\/wp\/v2\/pages\/436\/revisions"}],"predecessor-version":[{"id":439,"href":"https:\/\/mundopanama.com\/index\/wp-json\/wp\/v2\/pages\/436\/revisions\/439"}],"wp:attachment":[{"href":"https:\/\/mundopanama.com\/index\/wp-json\/wp\/v2\/media?parent=436"}],"curies":[{"name":"wp","href":"https:\/\/api.w.org\/{rel}","templated":true}]}}