{"id":450,"date":"2024-03-23T01:12:46","date_gmt":"2024-03-23T01:12:46","guid":{"rendered":"http:\/\/mundopanama.com\/index\/?page_id=450"},"modified":"2024-03-23T01:23:21","modified_gmt":"2024-03-23T01:23:21","slug":"rocknpop","status":"publish","type":"page","link":"https:\/\/mundopanama.com\/index\/rocknpop\/","title":{"rendered":"rock-pop"},"content":{"rendered":"<p>>Estas escuchando Rock and Pop Radio<br \/>\n<a href=\"http:\/\/www.rocknpop.com.pa\" target=\"_blank\" rel=\"noopener noreferrer\">http:\/\/www.rocknpop.com.pa<\/a>\/ 106.5 fm<br \/>\nTelefono  \u202d209 8339\u202c&#8211;WhatsApp 6203-4339<br \/>\nDirecci\u00f3n: Calle 50, Edificio Plaza 50 Piso 2<br \/>\nPanam\u00e1, Ciudad de Panam\u00e1  <a href=\"https:\/\/twitter.com\/RocknPop1065\" target=\"_blank\" rel=\"noopener noreferrer\">Twitter<\/a>&#8212;<a href=\"https:\/\/www.facebook.com\/rocknpoppanama\" target=\"_blank\" rel=\"noopener noreferrer\">Facebook<\/a>&#8212;<a href=\"https:\/\/www.instagram.com\/rocknpop1065\/\" target=\"_blank\" rel=\"noopener noreferrer\">Instagram<\/a><\/p>\n<p>Para celular click aqui <a href=\"http:\/\/www.rocknpop.com.pa\/player_rocknpop.html\" target=\"_blank\" rel=\"noopener noreferrer\">audio en vivo<\/a><\/p>\n<p><audio id=\"stream\" style=\"width: 300px;\" preload=\"none\" autoplay=\"autoplay\" controls=\"controls\"><source src=\"https:\/\/ic.streann.com\/rockandpop\" type=\"audio\/mpeg\"><\/audio><\/p>\n<p>DEJA TU COMENTARIO.<br \/>\n<script src=\"http:\/\/connect.facebook.net\/en_GB\/all.js#xfbml=1\"><\/script><fb:comments width=\"650\" num_posts=\"50\" href=\"https:\/\/mundopanama.com\/index\/rocknpop\" colorscheme=\"light\"><\/fb:comments><\/p>\n","protected":false},"excerpt":{"rendered":"<p>>Estas escuchando Rock and Pop Radio http:\/\/www.rocknpop.com.pa\/ 106.5 fm Telefono \u202d209 8339\u202c&#8211;WhatsApp 6203-4339 Direcci\u00f3n: Calle 50, Edificio Plaza 50 Piso 2 Panam\u00e1, Ciudad de Panam\u00e1 Twitter&#8212;Facebook&#8212;Instagram Para celular click aqui&hellip;<\/p>\n","protected":false},"author":1,"featured_media":0,"parent":0,"menu_order":0,"comment_status":"closed","ping_status":"closed","template":"","meta":{"footnotes":""},"class_list":["post-450","page","type-page","status-publish","hentry"],"_links":{"self":[{"href":"https:\/\/mundopanama.com\/index\/wp-json\/wp\/v2\/pages\/450","targetHints":{"allow":["GET"]}}],"collection":[{"href":"https:\/\/mundopanama.com\/index\/wp-json\/wp\/v2\/pages"}],"about":[{"href":"https:\/\/mundopanama.com\/index\/wp-json\/wp\/v2\/types\/page"}],"author":[{"embeddable":true,"href":"https:\/\/mundopanama.com\/index\/wp-json\/wp\/v2\/users\/1"}],"replies":[{"embeddable":true,"href":"https:\/\/mundopanama.com\/index\/wp-json\/wp\/v2\/comments?post=450"}],"version-history":[{"count":6,"href":"https:\/\/mundopanama.com\/index\/wp-json\/wp\/v2\/pages\/450\/revisions"}],"predecessor-version":[{"id":456,"href":"https:\/\/mundopanama.com\/index\/wp-json\/wp\/v2\/pages\/450\/revisions\/456"}],"wp:attachment":[{"href":"https:\/\/mundopanama.com\/index\/wp-json\/wp\/v2\/media?parent=450"}],"curies":[{"name":"wp","href":"https:\/\/api.w.org\/{rel}","templated":true}]}}