{"id":505,"date":"2024-03-23T04:30:17","date_gmt":"2024-03-23T04:30:17","guid":{"rendered":"http:\/\/mundopanama.com\/index\/?page_id=505"},"modified":"2025-08-10T02:48:52","modified_gmt":"2025-08-10T02:48:52","slug":"tvnradio","status":"publish","type":"page","link":"https:\/\/mundopanama.com\/index\/tvnradio\/","title":{"rendered":"Tvn Radio"},"content":{"rendered":"<p>Estas escuchando <a href=\"http:\/\/tvnradio.com\/\" target=\"_blank\" rel=\"noopener noreferrer\">TVNRADIO<\/a> 96.5 Panama Col\u00f3n, Chiriqu\u00ed, Bocas del Toro\/ 96.7 Provincias Centrales.&#8211; <a href=\"https:\/\/twitter.com\/tvnradio965\" target=\"_blank\" rel=\"noopener noreferrer\">Twitter<\/a>&#8212; <a href=\"https:\/\/www.facebook.com\/tvnradio965\" target=\"_blank\" rel=\"noopener noreferrer\">Facebook<\/a>&#8212; <a href=\"https:\/\/www.instagram.com\/tvnradio965\/\" target=\"_blank\" rel=\"noopener noreferrer\">Instagram<\/a><br \/>\nPanam\u00e1, Col\u00f3n, Chiriqu\u00ed, Bocas del Toro 96.5 fm  \/ Provincias Centrales 96.7 fm.<br \/>\n<a href=\"https:\/\/www.tvn-2.com\/pass\/#radiotv\" target=\"_blank\" rel=\"noopener noreferrer\">en vivo<\/a><\/p>\n<p><audio controls=\"\" autoplay=\"true\"><source src=\"https:\/\/mdstrm.com\/audio\/654a5c9f40fd924d7ba3cd41\/icecast.audio\" type=\"audio\/mp3\">mundopanama.com<\/audio><br \/>\n<marquee behavior=\"scroll\" scrollamount=\"3\" direction=\"left\" class=\"twitter\" style=\"width:400px;\"> Estas escuchando TVN Radio 96.5 En Vivo<\/marquee><\/p>\n<p>Deja tu comentario.<br \/>\n<\/iframe><\/p>\n","protected":false},"excerpt":{"rendered":"<p>Estas escuchando TVNRADIO 96.5 Panama Col\u00f3n, Chiriqu\u00ed, Bocas del Toro\/ 96.7 Provincias Centrales.&#8211; Twitter&#8212; Facebook&#8212; Instagram Panam\u00e1, Col\u00f3n, Chiriqu\u00ed, Bocas del Toro 96.5 fm \/ Provincias Centrales 96.7 fm. en&hellip;<\/p>\n","protected":false},"author":1,"featured_media":0,"parent":0,"menu_order":0,"comment_status":"closed","ping_status":"closed","template":"","meta":{"footnotes":""},"class_list":["post-505","page","type-page","status-publish","hentry"],"_links":{"self":[{"href":"https:\/\/mundopanama.com\/index\/wp-json\/wp\/v2\/pages\/505","targetHints":{"allow":["GET"]}}],"collection":[{"href":"https:\/\/mundopanama.com\/index\/wp-json\/wp\/v2\/pages"}],"about":[{"href":"https:\/\/mundopanama.com\/index\/wp-json\/wp\/v2\/types\/page"}],"author":[{"embeddable":true,"href":"https:\/\/mundopanama.com\/index\/wp-json\/wp\/v2\/users\/1"}],"replies":[{"embeddable":true,"href":"https:\/\/mundopanama.com\/index\/wp-json\/wp\/v2\/comments?post=505"}],"version-history":[{"count":13,"href":"https:\/\/mundopanama.com\/index\/wp-json\/wp\/v2\/pages\/505\/revisions"}],"predecessor-version":[{"id":844,"href":"https:\/\/mundopanama.com\/index\/wp-json\/wp\/v2\/pages\/505\/revisions\/844"}],"wp:attachment":[{"href":"https:\/\/mundopanama.com\/index\/wp-json\/wp\/v2\/media?parent=505"}],"curies":[{"name":"wp","href":"https:\/\/api.w.org\/{rel}","templated":true}]}}