{"id":514,"date":"2024-03-23T04:44:07","date_gmt":"2024-03-23T04:44:07","guid":{"rendered":"http:\/\/mundopanama.com\/index\/?page_id=514"},"modified":"2025-12-29T04:40:12","modified_gmt":"2025-12-29T04:40:12","slug":"wao","status":"publish","type":"page","link":"https:\/\/mundopanama.com\/index\/wao\/","title":{"rendered":"wao 97.5"},"content":{"rendered":"<p>Estas escuchando  wao975.fm 97.3  fm  Panam\u00e1, Col\u00f3n y Playas, 97.5 fm Provincias Centrales y Azuero,  Chiriqu\u00ed, Bocas del Toro.  <a href=\"https:\/\/twitter.com\/WAO973\" target=\"_blank\" rel=\"noopener noreferrer\">Twitter<\/a>&#8212;<a href=\"https:\/\/www.facebook.com\/Wao973panama\" target=\"_blank\" rel=\"noopener noreferrer\">Facebook<\/a>&#8212;<a href=\"https:\/\/www.instagram.com\/wao973\/\" target=\"_blank\" rel=\"noopener noreferrer\">Instagram<\/a><br \/>\nTelefono en  Cabina: (507) 209.8350 WhatsApp: 6323-8350<br \/>\nFrecuencias Asociadas S.A.<br \/>\nDirecci\u00f3n: Calle 50, Edificio Plaza 50 Piso 2 Panam\u00e1, Ciudad de Panam\u00e1<\/p>\n<p><audio src=\"http:\/\/62.72.189.146:4441\/stream\/52\/\" autoplay=\"autoplay\" controls=\"controls\" &gt;<=\"\" audio=\"\"><\/audio><\/p>\n<p>Deja tu comentario.<br \/>\n<script src=\"http:\/\/connect.facebook.net\/en_GB\/all.js#xfbml=1\"><\/script><fb:comments width=\"650\" num_posts=\"50\" href=\"https:\/\/mundopanama.com\/index\/wao\" colorscheme=\"light\"><\/fb:comments>.<\/p>\n","protected":false},"excerpt":{"rendered":"<p>Estas escuchando wao975.fm 97.3 fm Panam\u00e1, Col\u00f3n y Playas, 97.5 fm Provincias Centrales y Azuero, Chiriqu\u00ed, Bocas del Toro. Twitter&#8212;Facebook&#8212;Instagram Telefono en Cabina: (507) 209.8350 WhatsApp: 6323-8350 Frecuencias Asociadas S.A.&hellip;<\/p>\n","protected":false},"author":1,"featured_media":0,"parent":0,"menu_order":0,"comment_status":"closed","ping_status":"closed","template":"","meta":{"footnotes":""},"class_list":["post-514","page","type-page","status-publish","hentry"],"_links":{"self":[{"href":"https:\/\/mundopanama.com\/index\/wp-json\/wp\/v2\/pages\/514","targetHints":{"allow":["GET"]}}],"collection":[{"href":"https:\/\/mundopanama.com\/index\/wp-json\/wp\/v2\/pages"}],"about":[{"href":"https:\/\/mundopanama.com\/index\/wp-json\/wp\/v2\/types\/page"}],"author":[{"embeddable":true,"href":"https:\/\/mundopanama.com\/index\/wp-json\/wp\/v2\/users\/1"}],"replies":[{"embeddable":true,"href":"https:\/\/mundopanama.com\/index\/wp-json\/wp\/v2\/comments?post=514"}],"version-history":[{"count":11,"href":"https:\/\/mundopanama.com\/index\/wp-json\/wp\/v2\/pages\/514\/revisions"}],"predecessor-version":[{"id":1036,"href":"https:\/\/mundopanama.com\/index\/wp-json\/wp\/v2\/pages\/514\/revisions\/1036"}],"wp:attachment":[{"href":"https:\/\/mundopanama.com\/index\/wp-json\/wp\/v2\/media?parent=514"}],"curies":[{"name":"wp","href":"https:\/\/api.w.org\/{rel}","templated":true}]}}