{"id":529,"date":"2024-03-23T05:02:47","date_gmt":"2024-03-23T05:02:47","guid":{"rendered":"http:\/\/mundopanama.com\/index\/?page_id=529"},"modified":"2025-01-12T03:11:31","modified_gmt":"2025-01-12T03:11:31","slug":"yxy","status":"publish","type":"page","link":"https:\/\/mundopanama.com\/index\/yxy\/","title":{"rendered":"yxy 92.9"},"content":{"rendered":"<p>Estas escuchando YxY 92.9 Panama <a href=\"http:\/\/www.yxypanama.com\/\" target=\"_blank\" rel=\"noopener noreferrer\">http:\/\/www.yxypanama.com\/<\/a>&#8212;<a href=\"https:\/\/www.facebook.com\/yxy929\/\" target=\"_blank\" rel=\"noopener noreferrer\">Facebook<\/a>&#8212;<a href=\"https:\/\/twitter.com\/yxypanama\" target=\"_blank\" rel=\"noopener noreferrer\">Twitter<\/a>&#8212;<a href=\"https:\/\/www.instagram.com\/yxypanama\/\" target=\"_blank\" rel=\"noopener noreferrer\">Instagram<\/a><br \/>\nCobertura: Panam\u00e1 92.9 FM&#8211;Col\u00f3n y Playas 93.1 FM&#8211;Dari\u00e9n 92.7 FM&#8211;Provincias Centrales y Santiago 91.5 FM&#8211;Chiriqu\u00ed y Bocas del Toro 94.1 FM.<br \/>\nTelefonos, Cabina: 302-0149 Central: 302-0155 Whassap: 6940-3606<\/p>\n<p><audio id=\"stream\" style=\"width: 300px;\" preload=\"none\" autoplay=\"autoplay\" controls=\"controls\"><source src=\"https:\/\/sp4.colombiatelecom.com.co\/8006\/stream\" type=\"audio\/mpeg\"><\/audio><\/p>\n<p>Deja tu comentario.<br \/>\n<script src=\"http:\/\/connect.facebook.net\/en_GB\/all.js#xfbml=1\"><\/script><fb:comments width=\"650\" num_posts=\"50\" href=\"https:\/\/mundopanama.com\/index\/yxy\" colorscheme=\"light\"><\/fb:comments><\/p>\n","protected":false},"excerpt":{"rendered":"<p>Estas escuchando YxY 92.9 Panama http:\/\/www.yxypanama.com\/&#8212;Facebook&#8212;Twitter&#8212;Instagram Cobertura: Panam\u00e1 92.9 FM&#8211;Col\u00f3n y Playas 93.1 FM&#8211;Dari\u00e9n 92.7 FM&#8211;Provincias Centrales y Santiago 91.5 FM&#8211;Chiriqu\u00ed y Bocas del Toro 94.1 FM. Telefonos, Cabina: 302-0149&hellip;<\/p>\n","protected":false},"author":1,"featured_media":0,"parent":0,"menu_order":0,"comment_status":"closed","ping_status":"closed","template":"","meta":{"footnotes":""},"class_list":["post-529","page","type-page","status-publish","hentry"],"_links":{"self":[{"href":"https:\/\/mundopanama.com\/index\/wp-json\/wp\/v2\/pages\/529","targetHints":{"allow":["GET"]}}],"collection":[{"href":"https:\/\/mundopanama.com\/index\/wp-json\/wp\/v2\/pages"}],"about":[{"href":"https:\/\/mundopanama.com\/index\/wp-json\/wp\/v2\/types\/page"}],"author":[{"embeddable":true,"href":"https:\/\/mundopanama.com\/index\/wp-json\/wp\/v2\/users\/1"}],"replies":[{"embeddable":true,"href":"https:\/\/mundopanama.com\/index\/wp-json\/wp\/v2\/comments?post=529"}],"version-history":[{"count":5,"href":"https:\/\/mundopanama.com\/index\/wp-json\/wp\/v2\/pages\/529\/revisions"}],"predecessor-version":[{"id":712,"href":"https:\/\/mundopanama.com\/index\/wp-json\/wp\/v2\/pages\/529\/revisions\/712"}],"wp:attachment":[{"href":"https:\/\/mundopanama.com\/index\/wp-json\/wp\/v2\/media?parent=529"}],"curies":[{"name":"wp","href":"https:\/\/api.w.org\/{rel}","templated":true}]}}