{"id":54,"date":"2024-03-01T02:50:08","date_gmt":"2024-03-01T02:50:08","guid":{"rendered":"http:\/\/mundopanama.com\/index\/?page_id=54"},"modified":"2024-03-01T02:50:08","modified_gmt":"2024-03-01T02:50:08","slug":"antena8","status":"publish","type":"page","link":"https:\/\/mundopanama.com\/index\/antena8\/","title":{"rendered":"Antena8"},"content":{"rendered":"<p>Antena 8  100.1 Panama<\/p>\n<p>Estas escuchando Antena 8 Panama<br \/>\n<a href=\"http:\/\/www.antena8.com\" target=\"_blank\" rel=\"noopener noreferrer\">http:\/\/www.antena8.com<\/a> Localizado en: Av. Ricardo Mir\u00f3, Urb. El Carmen, Ciudad de Panam\u00e1. Correo electr\u00f3nico: ventas@grupograda.com Tel\u00e9fono: 275-5850<br \/>\n<a href=\"https:\/\/twitter.com\/antena8panama\" target=\"_blank\" rel=\"noopener noreferrer\">https:\/\/twitter.com\/antena8panama<\/a><\/p>\n<p><audio src=\"https:\/\/playerservices.streamtheworld.com\/api\/livestream-redirect\/ANT8AAC.aac\" autoplay=\"autoplay\" controls=\"controls\"><\/audio><\/p>\n<p><script src=\"http:\/\/connect.facebook.net\/en_GB\/all.js#xfbml=1\"><\/script><fb:comments width=\"650\" num_posts=\"50\" href=\"http:\/\/mundo-panama.com\/index\/antena8\" colorscheme=\"light\"><\/fb:comments><\/p>\n<\/p><\/div>\n","protected":false},"excerpt":{"rendered":"<p>Antena 8 100.1 Panama Estas escuchando Antena 8 Panama http:\/\/www.antena8.com Localizado en: Av. Ricardo Mir\u00f3, Urb. El Carmen, Ciudad de Panam\u00e1. Correo electr\u00f3nico: ventas@grupograda.com Tel\u00e9fono: 275-5850 https:\/\/twitter.com\/antena8panama<\/p>\n","protected":false},"author":1,"featured_media":0,"parent":0,"menu_order":0,"comment_status":"closed","ping_status":"closed","template":"","meta":{"footnotes":""},"class_list":["post-54","page","type-page","status-publish","hentry"],"_links":{"self":[{"href":"https:\/\/mundopanama.com\/index\/wp-json\/wp\/v2\/pages\/54","targetHints":{"allow":["GET"]}}],"collection":[{"href":"https:\/\/mundopanama.com\/index\/wp-json\/wp\/v2\/pages"}],"about":[{"href":"https:\/\/mundopanama.com\/index\/wp-json\/wp\/v2\/types\/page"}],"author":[{"embeddable":true,"href":"https:\/\/mundopanama.com\/index\/wp-json\/wp\/v2\/users\/1"}],"replies":[{"embeddable":true,"href":"https:\/\/mundopanama.com\/index\/wp-json\/wp\/v2\/comments?post=54"}],"version-history":[{"count":1,"href":"https:\/\/mundopanama.com\/index\/wp-json\/wp\/v2\/pages\/54\/revisions"}],"predecessor-version":[{"id":55,"href":"https:\/\/mundopanama.com\/index\/wp-json\/wp\/v2\/pages\/54\/revisions\/55"}],"wp:attachment":[{"href":"https:\/\/mundopanama.com\/index\/wp-json\/wp\/v2\/media?parent=54"}],"curies":[{"name":"wp","href":"https:\/\/api.w.org\/{rel}","templated":true}]}}