{"id":56,"date":"2024-03-01T02:54:13","date_gmt":"2024-03-01T02:54:13","guid":{"rendered":"http:\/\/mundopanama.com\/index\/?page_id=56"},"modified":"2024-10-23T06:42:27","modified_gmt":"2024-10-23T06:42:27","slug":"boom","status":"publish","type":"page","link":"https:\/\/mundopanama.com\/index\/boom\/","title":{"rendered":"Boom"},"content":{"rendered":"<p><audio src=\"https:\/\/ic.streann.com\/boom\" autoplay=\"autoplay\" controls=\"controls\" &gt;<=\"\" audio=\"\"><\/audio><\/p>\n<p>Frecuencias: 106.1 Panam\u00e1 | 106.7 Col\u00f3n | 103.9 Centrales | 88.5 Chiriqu\u00ed y Bocas del Toro.<br \/>\nLocalizado en Calle 50, edificio plaza 50, piso #2, cerca  V\u00eda Brasil Panam\u00e1<br \/>\nTelefono  (507) 209.8348&#8211;Cabina: (507) 209.8372&#8211;WhatsApp: 6611-1061<br \/>\n<a href=\"http:\/\/www.boom1061.com\/\" target=\"_blank\" rel=\"noopener noreferrer\">http:\/\/www.boom1061.com\/<\/a><\/p>\n<p>S\u00edguenos en <a href=\"https:\/\/twitter.com\/Boom1061\" target=\"_blank\" rel=\"noopener noreferrer\"><img loading=\"lazy\" decoding=\"async\" src=\"http:\/\/www.boom1061.com\/twitter1.png\" alt=\"twitter\" width=\"100\" height=\"100\"><\/a><a href=\"https:\/\/instagram.com\/Boom1061\/\" target=\"_blank\" rel=\"noopener noreferrer\"><img loading=\"lazy\" decoding=\"async\" src=\"http:\/\/www.boom1061.com\/instagram1.png\" alt=\"instagram\" width=\"100\" height=\"100\"><\/a><a href=\"https:\/\/www.facebook.com\/Boom1061fm\" target=\"_blank\" rel=\"noopener noreferrer\">Facebook<\/a><\/p>\n<p>&#8212;&#8212;&#8212;&#8212;&#8212;&#8212;&#8212;&#8212;&#8212;&#8212;&#8212;&#8212;&#8212;&#8212;&#8212;-<\/p>\n<p>Deja tu mensaje.<br \/>\n<script src=\"http:\/\/connect.facebook.net\/en_GB\/all.js#xfbml=1\"><\/script><fb:comments width=\"650\" num_posts=\"50\" href=\"http:\/\/mundo-panama.com\/index\/boom\" colorscheme=\"light\"><\/fb:comments><\/p>\n<\/p><\/div>\n","protected":false},"excerpt":{"rendered":"","protected":false},"author":1,"featured_media":0,"parent":0,"menu_order":0,"comment_status":"closed","ping_status":"closed","template":"","meta":{"footnotes":""},"class_list":["post-56","page","type-page","status-publish","hentry"],"_links":{"self":[{"href":"https:\/\/mundopanama.com\/index\/wp-json\/wp\/v2\/pages\/56","targetHints":{"allow":["GET"]}}],"collection":[{"href":"https:\/\/mundopanama.com\/index\/wp-json\/wp\/v2\/pages"}],"about":[{"href":"https:\/\/mundopanama.com\/index\/wp-json\/wp\/v2\/types\/page"}],"author":[{"embeddable":true,"href":"https:\/\/mundopanama.com\/index\/wp-json\/wp\/v2\/users\/1"}],"replies":[{"embeddable":true,"href":"https:\/\/mundopanama.com\/index\/wp-json\/wp\/v2\/comments?post=56"}],"version-history":[{"count":5,"href":"https:\/\/mundopanama.com\/index\/wp-json\/wp\/v2\/pages\/56\/revisions"}],"predecessor-version":[{"id":609,"href":"https:\/\/mundopanama.com\/index\/wp-json\/wp\/v2\/pages\/56\/revisions\/609"}],"wp:attachment":[{"href":"https:\/\/mundopanama.com\/index\/wp-json\/wp\/v2\/media?parent=56"}],"curies":[{"name":"wp","href":"https:\/\/api.w.org\/{rel}","templated":true}]}}