{"id":58,"date":"2024-03-01T06:22:06","date_gmt":"2024-03-01T06:22:06","guid":{"rendered":"http:\/\/mundopanama.com\/index\/?page_id=58"},"modified":"2025-02-24T02:53:35","modified_gmt":"2025-02-24T02:53:35","slug":"caliente","status":"publish","type":"page","link":"https:\/\/mundopanama.com\/index\/caliente\/","title":{"rendered":"caliente"},"content":{"rendered":"<p>Estas escuchando Caliente 96.9  y 99.3fm  Panama.<\/p>\n<p>Localizacion:  Apartado 0827-00116, Panam\u00e1 Rep. de Panam\u00e1. Direcci\u00f3n, Avenida 12 de Octubre.  Telefono (507) 390-4891. Central Telef\u00f3nica (507) 390-6700<br \/>\n<a href=\"https:\/\/calienteradiopty.com\/en-linea\/\" target=\"_blank\" rel=\"noopener noreferrer\">https:\/\/calienteradiopty.com\/en-linea\/<\/a>&#8212;<a href=\"https:\/\/www.facebook.com\/CalienteRadioPa\/\" target=\"_blank\" rel=\"noopener noreferrer\">Facebook<\/a>&#8212;-<a href=\"https:\/\/twitter.com\/calienteradiopa\" target=\"_blank\" rel=\"noopener noreferrer\">Twitter<\/a>&#8212;<a href=\"https:\/\/www.instagram.com\/calienteradiopa\/\" target=\"_blank\" rel=\"noopener noreferrer\">Instagram<\/a><\/p>\n<p><iframe loading=\"lazy\" id=\"streamer\" src=\"https:\/\/stweb.tv\/clientes\/Medcom\/stream2.html\" scrolling=\"no\" marginheight=\"0\" marginwidth=\"0\" style=\"margin: 0; padding: 0;\" allowtransparency=\"true\" width=\"650\" height=\"200\" frameborder=\"0\"><\/iframe><\/p>\n<p>Deja tu comentario.<br \/>\n<script src=\"http:\/\/connect.facebook.net\/en_GB\/all.js#xfbml=1\"><\/script><fb:comments width=\"650\" num_posts=\"50\" href=\"http:\/\/mundo-panama.com\/index\/caliente\" colorscheme=\"light\"><\/fb:comments><\/p>\n","protected":false},"excerpt":{"rendered":"<p>Estas escuchando Caliente 96.9 y 99.3fm Panama. Localizacion: Apartado 0827-00116, Panam\u00e1 Rep. de Panam\u00e1. Direcci\u00f3n, Avenida 12 de Octubre. Telefono (507) 390-4891. Central Telef\u00f3nica (507) 390-6700 https:\/\/calienteradiopty.com\/en-linea\/&#8212;Facebook&#8212;-Twitter&#8212;Instagram Deja tu comentario.<\/p>\n","protected":false},"author":1,"featured_media":0,"parent":0,"menu_order":0,"comment_status":"closed","ping_status":"closed","template":"","meta":{"footnotes":""},"class_list":["post-58","page","type-page","status-publish","hentry"],"_links":{"self":[{"href":"https:\/\/mundopanama.com\/index\/wp-json\/wp\/v2\/pages\/58","targetHints":{"allow":["GET"]}}],"collection":[{"href":"https:\/\/mundopanama.com\/index\/wp-json\/wp\/v2\/pages"}],"about":[{"href":"https:\/\/mundopanama.com\/index\/wp-json\/wp\/v2\/types\/page"}],"author":[{"embeddable":true,"href":"https:\/\/mundopanama.com\/index\/wp-json\/wp\/v2\/users\/1"}],"replies":[{"embeddable":true,"href":"https:\/\/mundopanama.com\/index\/wp-json\/wp\/v2\/comments?post=58"}],"version-history":[{"count":5,"href":"https:\/\/mundopanama.com\/index\/wp-json\/wp\/v2\/pages\/58\/revisions"}],"predecessor-version":[{"id":750,"href":"https:\/\/mundopanama.com\/index\/wp-json\/wp\/v2\/pages\/58\/revisions\/750"}],"wp:attachment":[{"href":"https:\/\/mundopanama.com\/index\/wp-json\/wp\/v2\/media?parent=58"}],"curies":[{"name":"wp","href":"https:\/\/api.w.org\/{rel}","templated":true}]}}