{"id":74,"date":"2024-03-01T07:46:36","date_gmt":"2024-03-01T07:46:36","guid":{"rendered":"http:\/\/mundopanama.com\/index\/?page_id=74"},"modified":"2024-03-01T07:46:36","modified_gmt":"2024-03-01T07:46:36","slug":"cht","status":"publish","type":"page","link":"https:\/\/mundopanama.com\/index\/cht\/","title":{"rendered":"cht"},"content":{"rendered":"<p>Estas escuchando CHT 107.7 en tipico la que manda desde Chiriqui.<\/p>\n<p>Sitio Web: <a href=\"http:\/\/www.cht1077.com\" target=\"_blank\" rel=\"noopener noreferrer\">http:\/\/www.cht1077.com <\/a>&#8212; <a href=\"https:\/\/www.instagram.com\/cht1077\/\" target=\"_blank\" rel=\"noopener noreferrer\">Instagram<\/a><br \/>\nCabina: (507) 770-3317&#8212;WhatsApp:+(507) 6408-8196<br \/>\nEmail: 1079cht@gmail.com<br \/>\nDirecci\u00f3n: La Concepci\u00f3n Bugaba, Chiriqu\u00ed<br \/>\n<audio id=\"stream\" style=\"width: 300px;\" preload=\"none\" autoplay=\"autoplay\" controls=\"controls\"><source src=\"https:\/\/radios.host-pa.com:8046\/;\" type=\"audio\/mpeg\"><\/audio><\/p>\n<p><script src=\"http:\/\/connect.facebook.net\/en_GB\/all.js#xfbml=1\"><\/script><fb:comments width=\"650\" num_posts=\"50\" href=\"http:\/\/mundo-panama.com\/index\/cht1\" colorscheme=\"light\"><\/fb:comments><\/p>\n","protected":false},"excerpt":{"rendered":"<p>Estas escuchando CHT 107.7 en tipico la que manda desde Chiriqui. Sitio Web: http:\/\/www.cht1077.com &#8212; Instagram Cabina: (507) 770-3317&#8212;WhatsApp:+(507) 6408-8196 Email: 1079cht@gmail.com Direcci\u00f3n: La Concepci\u00f3n Bugaba, Chiriqu\u00ed<\/p>\n","protected":false},"author":1,"featured_media":0,"parent":0,"menu_order":0,"comment_status":"closed","ping_status":"closed","template":"","meta":{"footnotes":""},"class_list":["post-74","page","type-page","status-publish","hentry"],"_links":{"self":[{"href":"https:\/\/mundopanama.com\/index\/wp-json\/wp\/v2\/pages\/74","targetHints":{"allow":["GET"]}}],"collection":[{"href":"https:\/\/mundopanama.com\/index\/wp-json\/wp\/v2\/pages"}],"about":[{"href":"https:\/\/mundopanama.com\/index\/wp-json\/wp\/v2\/types\/page"}],"author":[{"embeddable":true,"href":"https:\/\/mundopanama.com\/index\/wp-json\/wp\/v2\/users\/1"}],"replies":[{"embeddable":true,"href":"https:\/\/mundopanama.com\/index\/wp-json\/wp\/v2\/comments?post=74"}],"version-history":[{"count":1,"href":"https:\/\/mundopanama.com\/index\/wp-json\/wp\/v2\/pages\/74\/revisions"}],"predecessor-version":[{"id":75,"href":"https:\/\/mundopanama.com\/index\/wp-json\/wp\/v2\/pages\/74\/revisions\/75"}],"wp:attachment":[{"href":"https:\/\/mundopanama.com\/index\/wp-json\/wp\/v2\/media?parent=74"}],"curies":[{"name":"wp","href":"https:\/\/api.w.org\/{rel}","templated":true}]}}