{"id":83,"date":"2024-03-01T08:08:22","date_gmt":"2024-03-01T08:08:22","guid":{"rendered":"http:\/\/mundopanama.com\/index\/?page_id=83"},"modified":"2025-04-29T05:28:43","modified_gmt":"2025-04-29T05:28:43","slug":"crisol","status":"publish","type":"page","link":"https:\/\/mundopanama.com\/index\/crisol\/","title":{"rendered":"crisol FM 106.9"},"content":{"rendered":"<p>ESTAS ESCUCHANDO CRISOL FM 106.9 Panam\u00e1, Panam\u00e1 Oeste, Comarca Madugand\u00ed. 102.5 Chiriqu\u00ed y Bocas del Toro. 102.3 Provincias Centrales. 91.5 Col\u00f3n y Dari\u00e9n <a href=\"https:\/\/sertv.gob.pa\/crisolfm\/en-directo\/\" target=\"_blank\" rel=\"noopener noreferrer\">https:\/\/sertv.gob.pa\/crisolfm\/en-directo\/<\/a>&#8212;<a href=\"https:\/\/www.facebook.com\/sertvpanama\/\" target=\"_blank\" rel=\"noopener noreferrer\">Facebook<\/a><br \/>\nCabina de Nacional FM: 507-1584<\/p>\n<p><audio id=\"stream\" style=\"width: 300px;\" preload=\"none\" autoplay=\"autoplay\" controls=\"controls\"><source src=\"https:\/\/pcbrothers.net\/listen\/crisolfm\/crisolfm\" type=\"audio\/mpeg\"><\/audio><\/p>\n<p>Deja tu mensaje<br \/>\n<script src=\"http:\/\/connect.facebook.net\/en_GB\/all.js#xfbml=1\"><\/script><fb:comments width=\"650\" num_posts=\"50\" href=\"http:\/\/mundo-panama.com\/index\/crisol-fm\" colorscheme=\"light\"><\/fb:comments><\/p>\n","protected":false},"excerpt":{"rendered":"<p>ESTAS ESCUCHANDO CRISOL FM 106.9 Panam\u00e1, Panam\u00e1 Oeste, Comarca Madugand\u00ed. 102.5 Chiriqu\u00ed y Bocas del Toro. 102.3 Provincias Centrales. 91.5 Col\u00f3n y Dari\u00e9n https:\/\/sertv.gob.pa\/crisolfm\/en-directo\/&#8212;Facebook Cabina de Nacional FM: 507-1584 Deja&hellip;<\/p>\n","protected":false},"author":1,"featured_media":0,"parent":0,"menu_order":0,"comment_status":"closed","ping_status":"closed","template":"","meta":{"footnotes":""},"class_list":["post-83","page","type-page","status-publish","hentry"],"_links":{"self":[{"href":"https:\/\/mundopanama.com\/index\/wp-json\/wp\/v2\/pages\/83","targetHints":{"allow":["GET"]}}],"collection":[{"href":"https:\/\/mundopanama.com\/index\/wp-json\/wp\/v2\/pages"}],"about":[{"href":"https:\/\/mundopanama.com\/index\/wp-json\/wp\/v2\/types\/page"}],"author":[{"embeddable":true,"href":"https:\/\/mundopanama.com\/index\/wp-json\/wp\/v2\/users\/1"}],"replies":[{"embeddable":true,"href":"https:\/\/mundopanama.com\/index\/wp-json\/wp\/v2\/comments?post=83"}],"version-history":[{"count":3,"href":"https:\/\/mundopanama.com\/index\/wp-json\/wp\/v2\/pages\/83\/revisions"}],"predecessor-version":[{"id":822,"href":"https:\/\/mundopanama.com\/index\/wp-json\/wp\/v2\/pages\/83\/revisions\/822"}],"wp:attachment":[{"href":"https:\/\/mundopanama.com\/index\/wp-json\/wp\/v2\/media?parent=83"}],"curies":[{"name":"wp","href":"https:\/\/api.w.org\/{rel}","templated":true}]}}