{"id":89,"date":"2024-03-04T03:49:56","date_gmt":"2024-03-04T03:49:56","guid":{"rendered":"http:\/\/mundopanama.com\/index\/?page_id=89"},"modified":"2025-04-29T05:31:59","modified_gmt":"2025-04-29T05:31:59","slug":"fabulosa","status":"publish","type":"page","link":"https:\/\/mundopanama.com\/index\/fabulosa\/","title":{"rendered":"Fabulosa stereo 100.5 fm Panama"},"content":{"rendered":"<p>Estas escuchando  <a href=\"http:\/\/www.fabulosaestereo.com\" target=\"_blank\" rel=\"noopener noreferrer\">Fabulosa stereo<\/a> 100.5 FM Provincias de Panam\u00e1, Col\u00f3n, Chiriqu\u00ed y Bocas del Toro | 101.5 FM Provincias Centrales&#8212; <a href=\"https:\/\/twitter.com\/Fabulosa1005\" target=\"_blank\" rel=\"noopener noreferrer\">Twitter<\/a>&#8212;<a href=\"https:\/\/www.facebook.com\/FabulosaEstereo100.5\/\" target=\"_blank\" rel=\"noopener noreferrer\">Facebook<\/a>&#8212;-<a href=\"https:\/\/www.instagram.com\/fabulosa1005\/\" target=\"_blank\" rel=\"noopener noreferrer\">Instagram<\/a><br \/>\nTelefono en cabina  (+507) 264-3773 | WhatsApp: (+507) 6141-1005<br \/>\n<iframe loading=\"lazy\" id=\"streamer\" src=\"https:\/\/www.streaming507.net:8130\/stream\" scrolling=\"no\" marginheight=\"0\" marginwidth=\"0\" style=\"margin: 0; padding: 0;\" allowtransparency=\"true\" width=\"100%\" height=\"100\" frameborder=\"0\"><\/iframe><\/p>\n<p>Deja tu mensaje<br \/>\n<script src=\"http:\/\/connect.facebook.net\/en_GB\/all.js#xfbml=1\"><\/script><fb:comments width=\"650\" num_posts=\"50\" href=\"http:\/\/mundo-panama.com\/index\/fabulosastereo\" colorscheme=\"light\"><\/fb:comments><\/p>\n","protected":false},"excerpt":{"rendered":"<p>Estas escuchando Fabulosa stereo 100.5 FM Provincias de Panam\u00e1, Col\u00f3n, Chiriqu\u00ed y Bocas del Toro | 101.5 FM Provincias Centrales&#8212; Twitter&#8212;Facebook&#8212;-Instagram Telefono en cabina (+507) 264-3773 | WhatsApp: (+507) 6141-1005&hellip;<\/p>\n","protected":false},"author":1,"featured_media":0,"parent":0,"menu_order":0,"comment_status":"closed","ping_status":"closed","template":"","meta":{"footnotes":""},"class_list":["post-89","page","type-page","status-publish","hentry"],"_links":{"self":[{"href":"https:\/\/mundopanama.com\/index\/wp-json\/wp\/v2\/pages\/89","targetHints":{"allow":["GET"]}}],"collection":[{"href":"https:\/\/mundopanama.com\/index\/wp-json\/wp\/v2\/pages"}],"about":[{"href":"https:\/\/mundopanama.com\/index\/wp-json\/wp\/v2\/types\/page"}],"author":[{"embeddable":true,"href":"https:\/\/mundopanama.com\/index\/wp-json\/wp\/v2\/users\/1"}],"replies":[{"embeddable":true,"href":"https:\/\/mundopanama.com\/index\/wp-json\/wp\/v2\/comments?post=89"}],"version-history":[{"count":3,"href":"https:\/\/mundopanama.com\/index\/wp-json\/wp\/v2\/pages\/89\/revisions"}],"predecessor-version":[{"id":597,"href":"https:\/\/mundopanama.com\/index\/wp-json\/wp\/v2\/pages\/89\/revisions\/597"}],"wp:attachment":[{"href":"https:\/\/mundopanama.com\/index\/wp-json\/wp\/v2\/media?parent=89"}],"curies":[{"name":"wp","href":"https:\/\/api.w.org\/{rel}","templated":true}]}}